{"id":405,"date":"2025-03-28T11:44:07","date_gmt":"2025-03-28T10:44:07","guid":{"rendered":"https:\/\/www.cmrthailand.com\/legal-corporate-services\/"},"modified":"2025-05-09T11:36:44","modified_gmt":"2025-05-09T09:36:44","slug":"servicios-legales-y-corporativos","status":"publish","type":"page","link":"https:\/\/www.cmrthailand.com\/es\/servicios-legales-y-corporativos\/","title":{"rendered":"Legal &#038; Corporativo"},"content":{"rendered":"<div class=\"wpb-content-wrapper\"><p>[vc_row full_width=\u00bbstretch_row\u00bb el_class=\u00bbbarraTitulo\u00bb css=\u00bb.vc_custom_1742898268307{padding-top: 25px !important;padding-bottom: 25px !important;background-color: #010101 !important;}\u00bb][vc_column css_animation=\u00bbfadeIn\u00bb][vc_column_text css_animation=\u00bbnone\u00bb css=\u00bb\u00bb]<\/p>\n<h1 style=\"text-align: center;\">SERVICIOS LEGALES Y CORPORATIVOS<\/h1>\n<h2 style=\"text-align: center;\">Registro Empresarial sin Complicaciones y Soluciones Corporativas<\/h2>\n<p style=\"text-align: center;\">\u00bfTe est\u00e1s expandiendo a Tailandia? Nosotros gestionamos el registro de la empresa, el cumplimiento normativo y la estructuraci\u00f3n corporativa, para que t\u00fa puedas enfocarte en el crecimiento.<\/p>\n<p>[\/vc_column_text][\/vc_column][\/vc_row][vc_row full_width=\u00bbstretch_row\u00bb css_animation=\u00bbfadeIn\u00bb css=\u00bb.vc_custom_1742988188073{background-color: #D9D9D9 !important;}\u00bb el_class=\u00bbtxtTitulo\u00bb][vc_column][vc_column_text css=\u00bb\u00bb]<\/p>\n<h4 style=\"text-align: center;\">NUESTROS SERVICIOS CORPORATIVOS:<\/h4>\n<p>[\/vc_column_text][\/vc_column][\/vc_row][vc_row full_width=\u00bbstretch_row_content_no_spaces\u00bb equal_height=\u00bbyes\u00bb el_class=\u00bbnuestrosServicios\u00bb][vc_column css_animation=\u00bbfadeIn\u00bb width=\u00bb1\/2&#8243; css=\u00bb.vc_custom_1743163807358{background-image: url(https:\/\/www.cmrthailand.com\/wp-content\/uploads\/2025\/03\/Company-Formation-and-Business-Registration-img.jpg?id=104) !important;background-position: center !important;background-repeat: no-repeat !important;background-size: cover !important;}\u00bb][\/vc_column][vc_column width=\u00bb1\/2&#8243; css=\u00bb.vc_custom_1742904215433{padding-top: 15% !important;padding-right: 20% !important;padding-bottom: 15% !important;padding-left: 20% !important;background-color: #F1F1F1 !important;}\u00bb][vc_column_text css_animation=\u00bbfadeInRight\u00bb css=\u00bb\u00bb]<\/p>\n<h1>Constituci\u00f3n de Empresas y Registro Comercial<\/h1>\n<p>Incorporaci\u00f3n, registro de IVA y obtenci\u00f3n de licencias.<\/p>\n<p>[\/vc_column_text][\/vc_column][\/vc_row][vc_row full_width=\u00bbstretch_row_content_no_spaces\u00bb equal_height=\u00bbyes\u00bb el_class=\u00bbnuestrosServicios revertir\u00bb][vc_column width=\u00bb1\/2&#8243; css=\u00bb.vc_custom_1742904210130{padding-top: 15% !important;padding-right: 20% !important;padding-bottom: 15% !important;padding-left: 20% !important;background-color: #F1F1F1 !important;}\u00bb][vc_column_text css_animation=\u00bbfadeInLeft\u00bb css=\u00bb\u00bb]<\/p>\n<h1>Servicios de Cumplimiento Normativo y Regulaci\u00f3n<\/h1>\n<p>Licencias, cumplimiento fiscal e incentivos de la BOI.<\/p>\n<p>[\/vc_column_text][\/vc_column][vc_column css_animation=\u00bbfadeIn\u00bb width=\u00bb1\/2&#8243; css=\u00bb.vc_custom_1743164051784{background-image: url(https:\/\/www.cmrthailand.com\/wp-content\/uploads\/2025\/03\/Regulatory-and-Compliance-Services-img-1.jpg?id=106) !important;background-position: center !important;background-repeat: no-repeat !important;background-size: cover !important;}\u00bb][\/vc_column][\/vc_row][vc_row full_width=\u00bbstretch_row_content_no_spaces\u00bb equal_height=\u00bbyes\u00bb el_class=\u00bbnuestrosServicios\u00bb][vc_column css_animation=\u00bbfadeIn\u00bb width=\u00bb1\/2&#8243; css=\u00bb.vc_custom_1743164377029{background-image: url(https:\/\/www.cmrthailand.com\/wp-content\/uploads\/2025\/03\/Project-Management-and-Business-Administration-img.jpg?id=108) !important;background-position: center !important;background-repeat: no-repeat !important;background-size: cover !important;}\u00bb][\/vc_column][vc_column width=\u00bb1\/2&#8243; css=\u00bb.vc_custom_1742904215433{padding-top: 15% !important;padding-right: 20% !important;padding-bottom: 15% !important;padding-left: 20% !important;background-color: #F1F1F1 !important;}\u00bb][vc_column_text css_animation=\u00bbfadeInRight\u00bb css=\u00bb\u00bb]<\/p>\n<h1>Gesti\u00f3n de Proyectos y Administraci\u00f3n Empresarial<\/h1>\n<p>Soluciones de gesti\u00f3n temporal para la puesta en marcha del negocio.<\/p>\n<p>[\/vc_column_text][\/vc_column][\/vc_row][vc_row full_width=\u00bbstretch_row_content_no_spaces\u00bb equal_height=\u00bbyes\u00bb el_class=\u00bbnuestrosServicios revertir\u00bb][vc_column width=\u00bb1\/2&#8243; css=\u00bb.vc_custom_1742904210130{padding-top: 15% !important;padding-right: 20% !important;padding-bottom: 15% !important;padding-left: 20% !important;background-color: #F1F1F1 !important;}\u00bb][vc_column_text css_animation=\u00bbfadeInLeft\u00bb css=\u00bb\u00bb]<\/p>\n<h1>Asesor\u00eda Empresarial y Estrategia de Entrada al Mercado<\/h1>\n<p>Orientaci\u00f3n estrat\u00e9gica sobre impuestos, asociaciones e inversiones.<\/p>\n<p>[\/vc_column_text][\/vc_column][vc_column css_animation=\u00bbfadeIn\u00bb width=\u00bb1\/2&#8243; css=\u00bb.vc_custom_1743164604325{background-image: url(https:\/\/www.cmrthailand.com\/wp-content\/uploads\/2025\/03\/Business-Advisory-and-Market-Entry-Strategy-img.jpg?id=110) !important;background-position: center !important;background-repeat: no-repeat !important;background-size: cover !important;}\u00bb][\/vc_column][\/vc_row][vc_row full_width=\u00bbstretch_row_content_no_spaces\u00bb equal_height=\u00bbyes\u00bb el_class=\u00bbnuestrosServicios\u00bb][vc_column css_animation=\u00bbfadeIn\u00bb width=\u00bb1\/2&#8243; css=\u00bb.vc_custom_1743165014980{background-image: url(https:\/\/www.cmrthailand.com\/wp-content\/uploads\/2025\/03\/Foreign-Investment-and-MLM-Licensing-img.jpg?id=112) !important;background-position: center !important;background-repeat: no-repeat !important;background-size: cover !important;}\u00bb][\/vc_column][vc_column width=\u00bb1\/2&#8243; css=\u00bb.vc_custom_1742904215433{padding-top: 15% !important;padding-right: 20% !important;padding-bottom: 15% !important;padding-left: 20% !important;background-color: #F1F1F1 !important;}\u00bb][vc_column_text css_animation=\u00bbfadeInRight\u00bb css=\u00bb\u00bb]<\/p>\n<h1>Inversi\u00f3n Extranjera y Licencias de MLM<\/h1>\n<p>Apoyo para licencias de ventas directas y marketing multinivel.<\/p>\n<p>[\/vc_column_text][\/vc_column][\/vc_row][vc_row full_width=\u00bbstretch_row_content_no_spaces\u00bb equal_height=\u00bbyes\u00bb el_class=\u00bbnuestrosServicios revertir\u00bb][vc_column width=\u00bb1\/2&#8243; css=\u00bb.vc_custom_1742904210130{padding-top: 15% !important;padding-right: 20% !important;padding-bottom: 15% !important;padding-left: 20% !important;background-color: #F1F1F1 !important;}\u00bb][vc_column_text css_animation=\u00bbfadeInLeft\u00bb css=\u00bb\u00bb]<\/p>\n<h1>Licencias Espec\u00edficas por Industria<\/h1>\n<p>Dispositivos m\u00e9dicos, cosm\u00e9ticos, suplementos e importaci\u00f3n de alimentos.<\/p>\n<p>[\/vc_column_text][\/vc_column][vc_column css_animation=\u00bbfadeIn\u00bb width=\u00bb1\/2&#8243; css=\u00bb.vc_custom_1743165584535{background-image: url(https:\/\/www.cmrthailand.com\/wp-content\/uploads\/2025\/03\/Industry-Specific-Licensing-img.jpg?id=116) !important;background-position: center !important;background-repeat: no-repeat !important;background-size: cover !important;}\u00bb][\/vc_column][\/vc_row][vc_row full_width=\u00bbstretch_row\u00bb css=\u00bb.vc_custom_1744093765072{padding-top: 25px !important;padding-bottom: 25px !important;background-image: url(https:\/\/www.cmrthailand.com\/wp-content\/uploads\/2025\/04\/llamada-accion.jpg?id=164) !important;background-position: center !important;background-repeat: no-repeat !important;background-size: cover !important;}\u00bb el_class=\u00bbllamadaAccion\u00bb][vc_column width=\u00bb1\/2&#8243;][\/vc_column][vc_column css_animation=\u00bbfadeInRight\u00bb width=\u00bb1\/2&#8243;][vc_column_text css_animation=\u00bbnone\u00bb css=\u00bb\u00bb]<\/p>\n<h2>Cont\u00e1ctanos.<\/h2>\n<h3>Ser\u00e1 un placer ayudarte.<\/h3>\n<p>[\/vc_column_text][vc_btn title=\u00bbContacto\u00bb color=\u00bbwhite\u00bb css_animation=\u00bbnone\u00bb css=\u00bb\u00bb link=\u00bburl:https%3A%2F%2Fwww.cmrthailand.com%2Fes%2Fcontacto%2F\u00bb][\/vc_column][\/vc_row][vc_row css=\u00bb.vc_custom_1742986828501{margin-top: 50px !important;}\u00bb][vc_column][vc_text_separator title=\u00bb\u00bb i_type=\u00bblinecons\u00bb i_icon_linecons=\u00bbvc_li vc_li-diamond\u00bb i_color=\u00bbcustom\u00bb el_width=\u00bb20&#8243; css=\u00bb\u00bb add_icon=\u00bbtrue\u00bb i_custom_color=\u00bb#909090&#8243;][\/vc_column][\/vc_row][vc_row][vc_column css_animation=\u00bbfadeIn\u00bb][vc_column_text css=\u00bb\u00bb]<\/p>\n<h4>\u00bfPor qu\u00e9 elegir CMR para Servicios Corporativos?<\/h4>\n<p>[\/vc_column_text][vc_row_inner css=\u00bb.vc_custom_1743159842049{margin-bottom: 0px !important;padding-bottom: 0px !important;}\u00bb][vc_column_inner width=\u00bb1\/2&#8243;]<div class=\"list_item lists_1 clearfix\"><div class=\"list_left list_icon\"><i class=\"fas fa-balance-scale-right\" aria-hidden=\"true\"><\/i><\/div><div class=\"list_right\"><h4 class=\"title \">Experiencia en Derecho Empresarial Tailand\u00e9s:<\/h4><div class=\"desc\">Navegaci\u00f3n legal y regulatoria simplificada.<\/div><\/div><\/div>\n[\/vc_column_inner][vc_column_inner width=\u00bb1\/2&#8243;]<div class=\"list_item lists_1 clearfix\"><div class=\"list_left list_icon\"><i class=\"fas fa-comment-dots\" aria-hidden=\"true\"><\/i><\/div><div class=\"list_right\"><h4 class=\"title \">Soluciones Corporativas a Medida:<\/h4><div class=\"desc\">Apoyo personalizado basado en tu modelo de negocio.<\/div><\/div><\/div>\n[\/vc_column_inner][\/vc_row_inner][vc_row_inner][vc_column_inner width=\u00bb1\/2&#8243;]<div class=\"list_item lists_1 clearfix\"><div class=\"list_left list_icon\"><i class=\"fas fa-tachometer-alt\" aria-hidden=\"true\"><\/i><\/div><div class=\"list_right\"><h4 class=\"title \">Configuraci\u00f3n R\u00e1pida y Sin Complicaciones:<\/h4><div class=\"desc\">Incorporaci\u00f3n eficiente y preparaci\u00f3n operativa.<\/div><\/div><\/div>\n[\/vc_column_inner][vc_column_inner width=\u00bb1\/2&#8243;]<div class=\"list_item lists_1 clearfix\"><div class=\"list_left list_icon\"><i class=\"fas fa-handshake\" aria-hidden=\"true\"><\/i><\/div><div class=\"list_right\"><h4 class=\"title \">Apoyo y Asesor\u00eda Continuos:<\/h4><div class=\"desc\">Asistencia a largo plazo para el crecimiento empresarial.<\/div><\/div><\/div>\n[\/vc_column_inner][\/vc_row_inner][\/vc_column][\/vc_row][vc_row css=\u00bb.vc_custom_1742986828501{margin-top: 50px !important;}\u00bb][vc_column][vc_text_separator title=\u00bb\u00bb i_type=\u00bblinecons\u00bb i_icon_linecons=\u00bbvc_li vc_li-diamond\u00bb i_color=\u00bbcustom\u00bb el_width=\u00bb20&#8243; css=\u00bb\u00bb add_icon=\u00bbtrue\u00bb i_custom_color=\u00bb#909090&#8243;][\/vc_column][\/vc_row][vc_row full_width=\u00bbstretch_row\u00bb css_animation=\u00bbfadeIn\u00bb css=\u00bb.vc_custom_1742989507647{margin-bottom: -15px !important;background-color: #D9D9D9 !important;}\u00bb el_class=\u00bbtxtTitulo\u00bb][vc_column][\/vc_column][\/vc_row]<\/p>\n<\/div>","protected":false},"excerpt":{"rendered":"<p>[vc_row full_width=\u00bbstretch_row\u00bb el_class=\u00bbbarraTitulo\u00bb css=\u00bb.vc_custom_1742898268307{padding-top: 25px !important;padding-bottom: 25px !important;background-color: #010101 !important;}\u00bb][vc_column css_animation=\u00bbfadeIn\u00bb][vc_column_text css_animation=\u00bbnone\u00bb css=\u00bb\u00bb] SERVICIOS LEGALES Y CORPORATIVOS Registro Empresarial sin Complicaciones y Soluciones Corporativas \u00bfTe est\u00e1s<span class=\"excerpt-hellip\"> [\u2026]<\/span><\/p>\n","protected":false},"author":1,"featured_media":0,"parent":0,"menu_order":0,"comment_status":"closed","ping_status":"open","template":"","meta":{"footnotes":""},"class_list":["post-405","page","type-page","status-publish","hentry"],"aioseo_notices":[],"_links":{"self":[{"href":"https:\/\/www.cmrthailand.com\/es\/wp-json\/wp\/v2\/pages\/405","targetHints":{"allow":["GET"]}}],"collection":[{"href":"https:\/\/www.cmrthailand.com\/es\/wp-json\/wp\/v2\/pages"}],"about":[{"href":"https:\/\/www.cmrthailand.com\/es\/wp-json\/wp\/v2\/types\/page"}],"author":[{"embeddable":true,"href":"https:\/\/www.cmrthailand.com\/es\/wp-json\/wp\/v2\/users\/1"}],"replies":[{"embeddable":true,"href":"https:\/\/www.cmrthailand.com\/es\/wp-json\/wp\/v2\/comments?post=405"}],"version-history":[{"count":0,"href":"https:\/\/www.cmrthailand.com\/es\/wp-json\/wp\/v2\/pages\/405\/revisions"}],"wp:attachment":[{"href":"https:\/\/www.cmrthailand.com\/es\/wp-json\/wp\/v2\/media?parent=405"}],"curies":[{"name":"wp","href":"https:\/\/api.w.org\/{rel}","templated":true}]}}