{"id":414,"date":"2025-03-28T13:43:10","date_gmt":"2025-03-28T12:43:10","guid":{"rendered":"https:\/\/www.cmrthailand.com\/about-us\/"},"modified":"2025-05-29T11:39:33","modified_gmt":"2025-05-29T09:39:33","slug":"sobre-nosotros","status":"publish","type":"page","link":"https:\/\/www.cmrthailand.com\/es\/sobre-nosotros\/","title":{"rendered":"Sobre Nosotros"},"content":{"rendered":"<div class=\"wpb-content-wrapper\"><p>[vc_row full_width=\u00bbstretch_row\u00bb el_class=\u00bbbarraTitulo\u00bb css=\u00bb.vc_custom_1742898268307{padding-top: 25px !important;padding-bottom: 25px !important;background-color: #010101 !important;}\u00bb][vc_column css_animation=\u00bbfadeIn\u00bb][vc_column_text css_animation=\u00bbnone\u00bb css=\u00bb\u00bb]<\/p>\n<h1 style=\"text-align: center;\">CMR REAL ESTATE &amp; BUSINESS SOLUTIONS<\/h1>\n<h2 style=\"text-align: center;\">Tu socio de confianza para los negocios en Tailandia<\/h2>\n<p style=\"text-align: center;\">Desde nuestros inicios, hemos ayudado a empresas e inversionistas a navegar el entorno regulatorio de Tailandia, establecer presencia en el mercado y asegurar oportunidades en el sector inmobiliario.<\/p>\n<p>[\/vc_column_text][\/vc_column][\/vc_row][vc_row css=\u00bb.vc_custom_1748511546881{padding-top: 50px !important;padding-bottom: 50px !important;}\u00bb][vc_column][vc_column_text css=\u00bb\u00bb]<\/p>\n<h1>Nuestro equipo de ventas<\/h1>\n<p>[\/vc_column_text][vc_column_text css=\u00bb\u00bb]\t\t<div class=\"wp-tsas-slider-wrap \">\r\n\t\t\t<div id=\"wp-tsas-slider-1\" class=\"wp_teamshowcase_slider tsas-enable-popup design-2\">\r\n\t\t\t\t<div class=\"team-slider \">\r\n\t<div class=\"teamshowcase-image-bg\">\r\n\t\t<img decoding=\"async\"  src=\"https:\/\/www.cmrthailand.com\/wp-content\/uploads\/2025\/06\/Stephanie-img.jpg\" alt=\"Stephanie\" \/>\r\n\t\t\t\t\t<a class=\"teamshowcase-hover-icon popup-modal\" data-mfp-src=\"#popup-1-1\" href=\"javascript:void(0);\"><i class=\"fa fa-plus-circle\"><\/i><\/a>\r\n\t\t\t\t<div class=\"member-overlay\">\r\n\t\t\t<div class=\"member-name\">Stephanie<\/div>\r\n\t\t\t\t\t<\/div>\r\n\t<\/div>\r\n\r\n\t<div class=\"member-content\">\r\n\t\t<div class=\"member-desc\"> \r\n\t\t\t\t\t\t\tAsesora de ventas\t\t\t\t\t<\/div>\r\n\r\n\t\t\t<\/div>\r\n\r\n\t<\/div><div class=\"team-slider \">\r\n\t<div class=\"teamshowcase-image-bg\">\r\n\t\t<img decoding=\"async\"  src=\"https:\/\/www.cmrthailand.com\/wp-content\/uploads\/2025\/05\/Nilianna-img-1.jpg\" alt=\"Nilianna\" \/>\r\n\t\t\t\t\t<a class=\"teamshowcase-hover-icon popup-modal\" data-mfp-src=\"#popup-1-2\" href=\"javascript:void(0);\"><i class=\"fa fa-plus-circle\"><\/i><\/a>\r\n\t\t\t\t<div class=\"member-overlay\">\r\n\t\t\t<div class=\"member-name\">Nilianna<\/div>\r\n\t\t\t\t\t<\/div>\r\n\t<\/div>\r\n\r\n\t<div class=\"member-content\">\r\n\t\t<div class=\"member-desc\"> \r\n\t\t\t\t\t\t\tAsesor de ventas\t\t\t\t\t<\/div>\r\n\r\n\t\t\t<\/div>\r\n\r\n\t<\/div><div class=\"team-slider \">\r\n\t<div class=\"teamshowcase-image-bg\">\r\n\t\t<img decoding=\"async\"  src=\"https:\/\/www.cmrthailand.com\/wp-content\/uploads\/2025\/05\/aira-javier-img.jpg\" alt=\"Aira Javier\" \/>\r\n\t\t\t\t\t<a class=\"teamshowcase-hover-icon popup-modal\" data-mfp-src=\"#popup-1-3\" href=\"javascript:void(0);\"><i class=\"fa fa-plus-circle\"><\/i><\/a>\r\n\t\t\t\t<div class=\"member-overlay\">\r\n\t\t\t<div class=\"member-name\">Aira Javier<\/div>\r\n\t\t\t\t\t<\/div>\r\n\t<\/div>\r\n\r\n\t<div class=\"member-content\">\r\n\t\t<div class=\"member-desc\"> \r\n\t\t\t\t\t\t\tEspecialista en Marketing y Asesora de Ventas\t\t\t\t\t<\/div>\r\n\r\n\t\t\t<\/div>\r\n\r\n\t<\/div><div class=\"team-slider \">\r\n\t<div class=\"teamshowcase-image-bg\">\r\n\t\t<img decoding=\"async\"  src=\"https:\/\/www.cmrthailand.com\/wp-content\/uploads\/2025\/05\/rita-img.jpg\" alt=\"Rita\" \/>\r\n\t\t\t\t\t<a class=\"teamshowcase-hover-icon popup-modal\" data-mfp-src=\"#popup-1-4\" href=\"javascript:void(0);\"><i class=\"fa fa-plus-circle\"><\/i><\/a>\r\n\t\t\t\t<div class=\"member-overlay\">\r\n\t\t\t<div class=\"member-name\">Rita<\/div>\r\n\t\t\t\t\t<\/div>\r\n\t<\/div>\r\n\r\n\t<div class=\"member-content\">\r\n\t\t<div class=\"member-desc\"> \r\n\t\t\t\t\t\t\tAsesora de Ventas\t\t\t\t\t<\/div>\r\n\r\n\t\t\t<\/div>\r\n\r\n\t<\/div><div class=\"team-slider \">\r\n\t<div class=\"teamshowcase-image-bg\">\r\n\t\t<img decoding=\"async\"  src=\"https:\/\/www.cmrthailand.com\/wp-content\/uploads\/2025\/06\/Jeydar.jpg\" alt=\"Jeydar\" \/>\r\n\t\t\t\t\t<a class=\"teamshowcase-hover-icon popup-modal\" data-mfp-src=\"#popup-1-5\" href=\"javascript:void(0);\"><i class=\"fa fa-plus-circle\"><\/i><\/a>\r\n\t\t\t\t<div class=\"member-overlay\">\r\n\t\t\t<div class=\"member-name\">Jeydar<\/div>\r\n\t\t\t\t\t<\/div>\r\n\t<\/div>\r\n\r\n\t<div class=\"member-content\">\r\n\t\t<div class=\"member-desc\"> \r\n\t\t\t\t\t\t\tAsesora de ventas\t\t\t\t\t<\/div>\r\n\r\n\t\t\t<\/div>\r\n\r\n\t<\/div>\t\t\t<\/div>\r\n\t\t\t\r\n<div id=\"popup-1-1\" class=\"mfp-hide white-popup-block wp-tsas-popup-wrp\">\r\n\t<header>\r\n\t\t<div class=\"wp-modal-header ng-scope\" style=\"background:url(https:\/\/www.cmrthailand.com\/wp-content\/uploads\/2025\/06\/Stephanie-img.jpg) center top no-repeat;\">\r\n\t\t\t<div class=\"member-popup-info\">\r\n\t\t\t\t<div class=\"member-name\">Stephanie<\/div>\r\n\t\t\t\t\t\t\t<\/div>\r\n\t\t<\/div>\r\n\t<\/header>\r\n\r\n\t<div class=\"wp-modal-body\">\r\n\t\t<p>Originaria de los Pa\u00edses Bajos, he llamado hogar a Dub\u00e1i desde hace ya varios a\u00f1os. Lo que comenz\u00f3 como una fascinaci\u00f3n por esta ciudad din\u00e1mica r\u00e1pidamente se convirti\u00f3 en una pr\u00f3spera carrera en el sector inmobiliario. Como agente de bienes ra\u00edces, he tenido el privilegio de ayudar a clientes de todo el mundo a encontrar la casa de sus sue\u00f1os y oportunidades de inversi\u00f3n en uno de los mercados m\u00e1s emocionantes del planeta. Con un ojo holand\u00e9s para los detalles y una ambici\u00f3n impulsada por Dub\u00e1i, combino una comunicaci\u00f3n clara con experiencia local, siempre con un toque personal.<\/p>\n\t<\/div>\r\n\r\n<\/div>\r\n<div id=\"popup-1-2\" class=\"mfp-hide white-popup-block wp-tsas-popup-wrp\">\r\n\t<header>\r\n\t\t<div class=\"wp-modal-header ng-scope\" style=\"background:url(https:\/\/www.cmrthailand.com\/wp-content\/uploads\/2025\/05\/Nilianna-img-1.jpg) center top no-repeat;\">\r\n\t\t\t<div class=\"member-popup-info\">\r\n\t\t\t\t<div class=\"member-name\">Nilianna<\/div>\r\n\t\t\t\t\t\t\t<\/div>\r\n\t\t<\/div>\r\n\t<\/header>\r\n\r\n\t<div class=\"wp-modal-body\">\r\n\t\t<p data-start=\"58\" data-end=\"380\">Hola, soy Nilianna, una entusiasta de las propiedades con pasi\u00f3n por convertir espacios ordinarios en hogares acogedores y c\u00e1lidos. Comenc\u00e9 a invertir en bienes ra\u00edces en 2017 y desde entonces he estado gestionando mis propias propiedades, desde la renovaci\u00f3n hasta la configuraci\u00f3n completa para alquileres a corto plazo.<\/p>\n<p data-start=\"382\" data-end=\"602\">Antes de entrar en el mundo inmobiliario, pas\u00e9 15 a\u00f1os volando alrededor del mundo con Emirates, atendiendo a hu\u00e9spedes VIP en Primera Clase, lo que me ense\u00f1\u00f3 a ofrecer un servicio de clase mundial y atenci\u00f3n al detalle.<\/p>\n<p data-start=\"604\" data-end=\"952\">Ahora, aplico ese mismo nivel de cuidado y excelencia en la gesti\u00f3n de propiedades y en la administraci\u00f3n de alojamientos en Airbnb. Hablo tanto ingl\u00e9s como polaco, y me encanta trabajar con personas, ya sea ayud\u00e1ndolas a encontrar la inversi\u00f3n adecuada, creando un espacio con estilo, o simplemente asegur\u00e1ndome de que todo funcione sin problemas.<\/p>\n<p data-start=\"954\" data-end=\"1229\">La gente dice que soy ingeniosa, confiable y que tengo un buen ojo para detectar oportunidades que otros podr\u00edan pasar por alto; me gusta entregar resultados de alta calidad sin gastar de m\u00e1s. Si buscas a alguien que combine calidez con conocimiento, no dudes en contactarme.<\/p>\n<p data-start=\"1231\" data-end=\"1371\">Estoy feliz de formar parte del equipo de CMR Real Estate en Dub\u00e1i y ayudar a nuestros clientes a encontrar su hogar perfecto y\/o inversi\u00f3n.<\/p>\n\t<\/div>\r\n\r\n<\/div>\r\n<div id=\"popup-1-3\" class=\"mfp-hide white-popup-block wp-tsas-popup-wrp\">\r\n\t<header>\r\n\t\t<div class=\"wp-modal-header ng-scope\" style=\"background:url(https:\/\/www.cmrthailand.com\/wp-content\/uploads\/2025\/05\/aira-javier-img.jpg) center top no-repeat;\">\r\n\t\t\t<div class=\"member-popup-info\">\r\n\t\t\t\t<div class=\"member-name\">Aira Javier<\/div>\r\n\t\t\t\t\t\t\t<\/div>\r\n\t\t<\/div>\r\n\t<\/header>\r\n\r\n\t<div class=\"wp-modal-body\">\r\n\t\t<p>Soy Aira Javier, L\u00edder de Marketing y Ventas en CMR Real Estate. Soy originaria de Filipinas y actualmente resido en Bangkok, Tailandia.<\/p>\n<p>Estoy especializada en estrategia de marketing, cinematograf\u00eda, anuncios en video, construcci\u00f3n de marca y desarrollo de sitios web. Me encanta crear contenido que no solo se vea bien, sino que genere resultados reales.<\/p>\n<p>En CMR Real Estate, ayudo a nuestros clientes a encontrar las mejores oportunidades de inversi\u00f3n, ya sea que est\u00e9n buscando la casa de sus sue\u00f1os o una inversi\u00f3n inteligente. Mi objetivo siempre es conectar grandes ideas con la audiencia adecuada.<\/p>\n\t<\/div>\r\n\r\n<\/div>\r\n<div id=\"popup-1-4\" class=\"mfp-hide white-popup-block wp-tsas-popup-wrp\">\r\n\t<header>\r\n\t\t<div class=\"wp-modal-header ng-scope\" style=\"background:url(https:\/\/www.cmrthailand.com\/wp-content\/uploads\/2025\/05\/rita-img.jpg) center top no-repeat;\">\r\n\t\t\t<div class=\"member-popup-info\">\r\n\t\t\t\t<div class=\"member-name\">Rita<\/div>\r\n\t\t\t\t\t\t\t<\/div>\r\n\t\t<\/div>\r\n\t<\/header>\r\n\r\n\t<div class=\"wp-modal-body\">\r\n\t\t<p>Me llamo Rita y es un placer presentarme como Asesora Inmobiliaria en CMR Spain Real Estate &#038; Business Solutions. Hablo tailand\u00e9s e ingl\u00e9s, y aporto una valiosa experiencia trabajando con personas de diversos or\u00edgenes culturales, ya que anteriormente viv\u00ed y trabaj\u00e9 en Singapur.<\/p>\n<p>Despu\u00e9s de pasar muchos a\u00f1os en varios pa\u00edses asi\u00e1ticos, incluyendo mi ciudad natal, Chiang Mai, tom\u00e9 la decisi\u00f3n de mudarme a Bangkok. Llevo m\u00e1s de cuatro a\u00f1os viviendo y trabajando en la capital. En mi anterior puesto como Asesora de Ventas y Desarrolladora de Proyectos para una empresa de comercio electr\u00f3nico, estuve a cargo de marketing, comunicaci\u00f3n y ventas. Esta experiencia me ha convertido en una profesional con conocimientos s\u00f3lidos y un trato cercano.<\/p>\n<p>El sector inmobiliario siempre ha formado parte de mi entorno, ya que crec\u00ed en una ciudad tur\u00edstica. Ingresar a esta industria fue una evoluci\u00f3n natural y c\u00f3moda para m\u00ed.<\/p>\n<p>Mi objetivo es ofrecer a los clientes el m\u00e1s alto nivel de servicio y una experiencia inmobiliaria excepcional en Bangkok.<\/p>\n<p>Es realmente un placer para m\u00ed acompa\u00f1ar a los clientes en todo su proceso: no solo para encontrar el hogar ideal, sino tambi\u00e9n para asegurarme de que se sientan bienvenidos y seguros en cada paso del camino.<\/p>\n\t<\/div>\r\n\r\n<\/div>\r\n<div id=\"popup-1-5\" class=\"mfp-hide white-popup-block wp-tsas-popup-wrp\">\r\n\t<header>\r\n\t\t<div class=\"wp-modal-header ng-scope\" style=\"background:url(https:\/\/www.cmrthailand.com\/wp-content\/uploads\/2025\/06\/Jeydar.jpg) center top no-repeat;\">\r\n\t\t\t<div class=\"member-popup-info\">\r\n\t\t\t\t<div class=\"member-name\">Jeydar<\/div>\r\n\t\t\t\t\t\t\t<\/div>\r\n\t\t<\/div>\r\n\t<\/header>\r\n\r\n\t<div class=\"wp-modal-body\">\r\n\t\t<p>Soy un agente especializado en CMR Real Estate &amp; Business Solutions, con varios a\u00f1os de experiencia en el mercado inmobiliario, especialmente en <strong>Chiang Mai, Tailandia,<\/strong> donde he tenido el privilegio de ayudar a muchos clientes a encontrar la propiedad adecuada o realizar inversiones inteligentes y seguras. Actualmente, estoy ampliando mi trabajo a Dub\u00e1i, un mercado en r\u00e1pido crecimiento lleno de oportunidades emocionantes.<\/p>\n<p>Creo en un enfoque personal y humano, donde cada cliente se sienta acompa\u00f1ado, comprendido y bien asesorado. S\u00e9 lo importante que es tomar decisiones de inversi\u00f3n con confianza, por eso me comprometo a ofrecer un servicio profesional, transparente y adaptado a tus objetivos.<\/p>\n<p>Si est\u00e1s considerando invertir en <strong>Tailandia o Dub\u00e1i<\/strong>, estar\u00e9 encantado de ayudarte a dar ese paso con claridad y visi\u00f3n a largo plazo.<\/p>\n\t<\/div>\r\n\r\n<\/div>\t\t\t<div class=\"slider-conf-data\" data-conf=\"{&quot;slides_column&quot;:&quot;4&quot;,&quot;slides_scroll&quot;:1,&quot;dots&quot;:&quot;true&quot;,&quot;arrows&quot;:&quot;true&quot;,&quot;autoplay&quot;:&quot;true&quot;,&quot;autoplay_interval&quot;:3000,&quot;speed&quot;:300,&quot;lazyload&quot;:&quot;&quot;}\"><\/div>\r\n\t\t<\/div>\r\n\t[\/vc_column_text][\/vc_column][\/vc_row][vc_row full_width=\u00bbstretch_row\u00bb full_height=\u00bbyes\u00bb css=\u00bb.vc_custom_1743417303454{padding-top: 50px !important;padding-bottom: 50px !important;background-image: url(https:\/\/www.cmrthailand.com\/wp-content\/uploads\/2025\/03\/dsdsaa.jpg?id=123) !important;}\u00bb el_class=\u00bbtxtAbout\u00bb][vc_column css_animation=\u00bbfadeIn\u00bb width=\u00bb1\/2&#8243;][vc_column_text css=\u00bb\u00bb]<\/p>\n<h3>Asesor\u00eda en Inversiones y Bienes Ra\u00edces:<\/h3>\n<p class=\"big\">Propiedades comerciales de primer nivel y an\u00e1lisis estrat\u00e9gico de inversi\u00f3n.<\/p>\n<p>[\/vc_column_text][vc_text_separator title=\u00bb\u00bb i_icon_fontawesome=\u00bbfa fa-solid fa-angle-down\u00bb i_color=\u00bbcustom\u00bb i_size=\u00bbsm\u00bb color=\u00bbcustom\u00bb el_width=\u00bb50&#8243; css=\u00bb\u00bb add_icon=\u00bbtrue\u00bb i_custom_color=\u00bb#A6A5A5&#8243; accent_color=\u00bb#A6A5A5&#8243;][vc_column_text css=\u00bb\u00bb]<\/p>\n<h3>Constituci\u00f3n de Empresas y Estructuraci\u00f3n Corporativa:<\/h3>\n<p class=\"big\">Configuraci\u00f3n empresarial y obtenci\u00f3n de licencias sin complicaciones.<\/p>\n<p>[\/vc_column_text][vc_text_separator title=\u00bb\u00bb i_icon_fontawesome=\u00bbfa fa-solid fa-angle-down\u00bb i_color=\u00bbcustom\u00bb i_size=\u00bbsm\u00bb color=\u00bbcustom\u00bb el_width=\u00bb50&#8243; css=\u00bb\u00bb add_icon=\u00bbtrue\u00bb i_custom_color=\u00bb#A6A5A5&#8243; accent_color=\u00bb#A6A5A5&#8243;][vc_column_text css=\u00bb\u00bb]<\/p>\n<h3>Soluciones Regulatorias y de Cumplimiento:<\/h3>\n<p class=\"big\">Apoyo legal completo para cumplir con las normativas del sector.<\/p>\n<p>[\/vc_column_text][\/vc_column][vc_column css_animation=\u00bbfadeIn\u00bb width=\u00bb1\/2&#8243;][vc_column_text css=\u00bb\u00bb]<\/p>\n<h3>Gesti\u00f3n de Proyectos y Expansi\u00f3n Empresarial:<\/h3>\n<p class=\"big\">Soluciones llave en mano para el \u00e9xito operativo.<\/p>\n<p>[\/vc_column_text][vc_text_separator title=\u00bb\u00bb i_icon_fontawesome=\u00bbfa fa-solid fa-angle-down\u00bb i_color=\u00bbcustom\u00bb i_size=\u00bbsm\u00bb color=\u00bbcustom\u00bb el_width=\u00bb50&#8243; css=\u00bb\u00bb add_icon=\u00bbtrue\u00bb i_custom_color=\u00bb#A6A5A5&#8243; accent_color=\u00bb#A6A5A5&#8243;][vc_column_text css=\u00bb\u00bb]<\/p>\n<h3>Titulaci\u00f3n de Licencias y Licencias de MLM:<\/h3>\n<p class=\"big\">Facilitamos el acceso directo al mercado.<\/p>\n<p>[\/vc_column_text][vc_text_separator title=\u00bb\u00bb i_icon_fontawesome=\u00bbfa fa-solid fa-angle-down\u00bb i_color=\u00bbcustom\u00bb i_size=\u00bbsm\u00bb color=\u00bbcustom\u00bb el_width=\u00bb50&#8243; css=\u00bb\u00bb add_icon=\u00bbtrue\u00bb i_custom_color=\u00bb#A6A5A5&#8243; accent_color=\u00bb#A6A5A5&#8243;][vc_column_text css=\u00bb\u00bb]<\/p>\n<h3>Licencias Especializadas y Cumplimiento Normativo:<\/h3>\n<p class=\"big\">Certificaciones para sectores m\u00e9dicos, alimentarios e industriales.<\/p>\n<p>[\/vc_column_text][\/vc_column][\/vc_row][vc_row css=\u00bb.vc_custom_1742986828501{margin-top: 50px !important;}\u00bb][vc_column][vc_text_separator title=\u00bb\u00bb i_type=\u00bblinecons\u00bb i_icon_linecons=\u00bbvc_li vc_li-diamond\u00bb i_color=\u00bbcustom\u00bb el_width=\u00bb20&#8243; css=\u00bb\u00bb add_icon=\u00bbtrue\u00bb i_custom_color=\u00bb#909090&#8243;][\/vc_column][\/vc_row][vc_row][vc_column css_animation=\u00bbfadeIn\u00bb][vc_column_text css=\u00bb\u00bb]<\/p>\n<h4>\u00bfPor qu\u00e9 elegir CMR?<\/h4>\n<p>[\/vc_column_text][vc_row_inner css=\u00bb.vc_custom_1743159842049{margin-bottom: 0px !important;padding-bottom: 0px !important;}\u00bb][vc_column_inner width=\u00bb1\/2&#8243;]<div class=\"list_item lists_1 clearfix\"><div class=\"list_left list_icon\"><i class=\"fas fa-balance-scale-right\" aria-hidden=\"true\"><\/i><\/div><div class=\"list_right\"><h4 class=\"title \">Experiencia en la Industria:<\/h4><div class=\"desc\">Profundo conocimiento de las regulaciones tailandesas, bienes ra\u00edces e inversi\u00f3n.<\/div><\/div><\/div>\n[\/vc_column_inner][vc_column_inner width=\u00bb1\/2&#8243;]<div class=\"list_item lists_1 clearfix\"><div class=\"list_left list_icon\"><i class=\"fas fa-comment-dots\" aria-hidden=\"true\"><\/i><\/div><div class=\"list_right\"><h4 class=\"title \">Soluciones Personalizadas:<\/h4><div class=\"desc\">Servicios adaptados para inversionistas, empresas y emprendedores.<\/div><\/div><\/div>\n[\/vc_column_inner][\/vc_row_inner][vc_row_inner][vc_column_inner width=\u00bb1\/2&#8243;]<div class=\"list_item lists_1 clearfix\"><div class=\"list_left list_icon\"><i class=\"fas fa-tachometer-alt\" aria-hidden=\"true\"><\/i><\/div><div class=\"list_right\"><h4 class=\"title \">Especialistas en Entrada al Mercado:<\/h4><div class=\"desc\">Garantizamos una puesta en marcha fluida y conforme a la normativa.<\/div><\/div><\/div>\n[\/vc_column_inner][vc_column_inner width=\u00bb1\/2&#8243;]<div class=\"list_item lists_1 clearfix\"><div class=\"list_left list_icon\"><i class=\"fas fa-handshake\" aria-hidden=\"true\"><\/i><\/div><div class=\"list_right\"><h4 class=\"title \">Enfoque Preparado para el Futuro:<\/h4><div class=\"desc\">Anticipamos cambios regulatorios y tendencias del mercado.<\/div><\/div><\/div>\n[\/vc_column_inner][\/vc_row_inner][\/vc_column][\/vc_row][vc_row css=\u00bb.vc_custom_1742986828501{margin-top: 50px !important;}\u00bb][vc_column][vc_text_separator title=\u00bb\u00bb i_type=\u00bblinecons\u00bb i_icon_linecons=\u00bbvc_li vc_li-diamond\u00bb i_color=\u00bbcustom\u00bb el_width=\u00bb20&#8243; css=\u00bb\u00bb add_icon=\u00bbtrue\u00bb i_custom_color=\u00bb#909090&#8243;][\/vc_column][\/vc_row][vc_row full_width=\u00bbstretch_row\u00bb css_animation=\u00bbfadeIn\u00bb css=\u00bb.vc_custom_1742989507647{margin-bottom: -15px !important;background-color: #D9D9D9 !important;}\u00bb el_class=\u00bbtxtTitulo\u00bb][vc_column][\/vc_column][\/vc_row]<\/p>\n<\/div>","protected":false},"excerpt":{"rendered":"<p>[vc_row full_width=\u00bbstretch_row\u00bb el_class=\u00bbbarraTitulo\u00bb css=\u00bb.vc_custom_1742898268307{padding-top: 25px !important;padding-bottom: 25px !important;background-color: #010101 !important;}\u00bb][vc_column css_animation=\u00bbfadeIn\u00bb][vc_column_text css_animation=\u00bbnone\u00bb css=\u00bb\u00bb] CMR REAL ESTATE &amp; BUSINESS SOLUTIONS Tu socio de confianza para los negocios<span class=\"excerpt-hellip\"> [\u2026]<\/span><\/p>\n","protected":false},"author":1,"featured_media":0,"parent":0,"menu_order":0,"comment_status":"closed","ping_status":"open","template":"","meta":{"footnotes":""},"class_list":["post-414","page","type-page","status-publish","hentry"],"aioseo_notices":[],"_links":{"self":[{"href":"https:\/\/www.cmrthailand.com\/es\/wp-json\/wp\/v2\/pages\/414","targetHints":{"allow":["GET"]}}],"collection":[{"href":"https:\/\/www.cmrthailand.com\/es\/wp-json\/wp\/v2\/pages"}],"about":[{"href":"https:\/\/www.cmrthailand.com\/es\/wp-json\/wp\/v2\/types\/page"}],"author":[{"embeddable":true,"href":"https:\/\/www.cmrthailand.com\/es\/wp-json\/wp\/v2\/users\/1"}],"replies":[{"embeddable":true,"href":"https:\/\/www.cmrthailand.com\/es\/wp-json\/wp\/v2\/comments?post=414"}],"version-history":[{"count":0,"href":"https:\/\/www.cmrthailand.com\/es\/wp-json\/wp\/v2\/pages\/414\/revisions"}],"wp:attachment":[{"href":"https:\/\/www.cmrthailand.com\/es\/wp-json\/wp\/v2\/media?parent=414"}],"curies":[{"name":"wp","href":"https:\/\/api.w.org\/{rel}","templated":true}]}}