{"id":435,"date":"2025-03-25T10:08:33","date_gmt":"2025-03-25T09:08:33","guid":{"rendered":"https:\/\/www.cmrthailand.com\/privacy-policy\/"},"modified":"2025-05-14T09:49:29","modified_gmt":"2025-05-14T07:49:29","slug":"politica-de-privacidad","status":"publish","type":"page","link":"https:\/\/www.cmrthailand.com\/es\/politica-de-privacidad\/","title":{"rendered":"Pol\u00edtica de privacidad"},"content":{"rendered":"\r\n<h1 class=\"wp-block-heading\">POL\u00cdTICA DE PRIVACIDAD<\/h1>\r\n\r\n<p>&nbsp;<\/p>\r\n<ol>\r\n<li>Responsable<\/li>\r\n<\/ol>\r\n<p>\u00bfQui\u00e9n es responsable del procesamiento de sus datos?<\/p>\r\n<p><strong>Propietario: DYROMO TRADE, S.L.<br \/>\u00a0Nombre comercial: <\/strong><strong>CMR Real Estate &amp; Business Solutions Co. Ltd.<\/strong><strong><br \/>\u00a0C.I.F.: B-54875042<br \/>\u00a0Direcci\u00f3n: C \/ Reyes Cat\u00f3licos n\u00ba 29, 4\u00ba A -03003- Alicante.<br \/>\u00a0Tel\u00e9fono: 966276923<br \/>\u00a0Correo electr\u00f3nico: lopd@ro-spain.com<\/strong><\/p>\r\n<ol start=\"2\">\r\n<li>Prop\u00f3sitos<\/li>\r\n<\/ol>\r\n<p>\u00bfCon qu\u00e9 prop\u00f3sito tratamos sus datos personales?<\/p>\r\n<p>De conformidad con las disposiciones del Reglamento Europeo 2016\/679 de Protecci\u00f3n de Datos Generales, le informamos que, si usted es un usuario, en Dyromo Trade, S.L. Tratamos los datos que usted nos proporciona para los siguientes fines:<\/p>\r\n<p>Le enviamos notificaciones y ofertas para informarle sobre nuestros productos y servicios. Puede oponerse en cualquier momento a recibir este tipo de comunicaciones a trav\u00e9s de los enlaces que encontrar\u00e1 en cada correo electr\u00f3nico.<\/p>\r\n<p>Evite el abuso y el fraude en el uso de nuestros servicios (por ejemplo, actividades fraudulentas, ataques de denegaci\u00f3n de servicio, env\u00edo de correo no deseado, entre otros).<\/p>\r\n<p>Proporcionar datos a organismos p\u00fablicos y autoridades, siempre que sean necesarios de conformidad con las disposiciones legales y reglamentarias.<\/p>\r\n<ol start=\"3\">\r\n<li>Per\u00edodo de conservaci\u00f3n de los datos.<\/li>\r\n<\/ol>\r\n<p>\u00bfCu\u00e1nto tiempo mantendremos sus datos?<\/p>\r\n<p>Sus datos se mantendr\u00e1n mientras dure la relaci\u00f3n contractual y comercial con nosotros, solicite su eliminaci\u00f3n y el tiempo necesario para cumplir con las obligaciones legales.<\/p>\r\n<ol start=\"4\">\r\n<li>Legitimaci\u00f3n<\/li>\r\n<\/ol>\r\n<p>\u00bfCu\u00e1l es la legitimidad para el tratamiento de sus datos?<\/p>\r\n<p>La base legal para el tratamiento de sus datos radica en:<\/p>\r\n<p>El consentimiento del usuario en relaci\u00f3n con los fines indicados en las secciones 2 anteriores.<\/p>\r\n<p>El inter\u00e9s leg\u00edtimo del controlador de datos para el prop\u00f3sito indicado en la secci\u00f3n anterior.<\/p>\r\n<p>Cumplimiento de las obligaciones legales aplicables a Dyromo Trade, S.L. para los fines indicados en el apartado 2.<\/p>\r\n<p>Ley aplicable y jurisdicci\u00f3n<\/p>\r\n<p>El presente Aviso Legal y sus consecuencias se regir\u00e1n en todo caso por la legislaci\u00f3n espa\u00f1ola vigente en todo momento.<\/p>\r\n<ol start=\"5\">\r\n<li>Destinatarios<\/li>\r\n<\/ol>\r\n<p>\u00bfA qu\u00e9 destinatarios se comunicar\u00e1n sus datos?<\/p>\r\n<p>Sus datos personales no ser\u00e1n comunicados a terceros, excepto en los siguientes casos:<\/p>\r\n<p>Sus datos personales pueden ser transferidos a las autoridades competentes en los casos en que exista una obligaci\u00f3n legal.<\/p>\r\n<p>6.Derechos<\/p>\r\n<p>\u00bfCu\u00e1les son sus derechos cuando nos proporciona su informaci\u00f3n y c\u00f3mo puede ejercerla?<\/p>\r\n<p>Usted tiene el derecho de obtener una confirmaci\u00f3n sobre si Dyromo Trade, S.L. Estamos tratando datos personales que le conciernen, o no.<\/p>\r\n<p>Adem\u00e1s, tiene derecho a acceder a sus datos personales, as\u00ed como a solicitar la rectificaci\u00f3n de los datos inexactos o, cuando corresponda, solicitar su eliminaci\u00f3n cuando, entre otras razones, los datos ya no sean necesarios para los fines que se recopilaron.En ciertas circunstancias, puede solicitar la limitaci\u00f3n del procesamiento de sus datos, en cuyo caso solo los conservaremos para el ejercicio o la defensa de reclamos.<\/p>\r\n<p>Adem\u00e1s, en ciertas circunstancias y por razones relacionadas con su situaci\u00f3n particular, puede objetar el procesamiento de sus datos. Dyromo Trade, S.L. dejar\u00e1 de procesar los datos, excepto por razones leg\u00edtimas y convincentes, o el ejercicio o la defensa de posibles reclamaciones.<\/p>\r\n<p>Asimismo, puede ejercer el derecho a la portabilidad de los datos, as\u00ed como retirar los consentimientos proporcionados en cualquier momento, sin afectar la legalidad del tratamiento con base en el consentimiento previo a su retiro.<\/p>\r\n<p>Dyromo Trade, S.L. se reserva el derecho de modificar su pol\u00edtica de privacidad de acuerdo con sus criterios, o debido a un cambio en la legislaci\u00f3n, la jurisprudencia o la pr\u00e1ctica comercial. S\u00ed Dyromo Trade, S.L. Para introducir cualquier modificaci\u00f3n, el nuevo texto se publicar\u00e1 en este sitio web, donde el usuario podr\u00e1 conocer la pol\u00edtica de privacidad actual de http:\/\/www.easyrentcostablanca.com.<\/p>\r\n<p>Si desea hacer uso de cualquiera de sus derechos, puede contactarnos enviando una carta certificada o un formulario equivalente para acreditar su recibo, junto con una fotocopia de su DNI (o DNI escaneado si es de manera electr\u00f3nica), a la direcci\u00f3n C \/ Reyes Cat\u00f3licos 29, 4 A CP 03003 (Alicante) o en la direcci\u00f3n de correo electr\u00f3nico lopd@ro-spain.com<\/p>\r\n<p>Finalmente, le informamos que puede ponerse en contacto con la Agencia Espa\u00f1ola de Protecci\u00f3n de Datos y otros organismos p\u00fablicos competentes para cualquier reclamaci\u00f3n que surja del procesamiento de sus datos personales.<\/p>\r\n<p>Pol\u00edtica de cookies<\/p>\r\n<p>Esta Pol\u00edtica de cookies se aplicar\u00e1 a aquellos usuarios que visiten voluntariamente el sitio web localhost\/rospain, completen formularios para recopilar datos o utilicen cualquier otro servicio presente en el sitio web que implique la comunicaci\u00f3n de datos a RO Espa\u00f1a, o accedan a A datos de RO Espa\u00f1a para la prestaci\u00f3n de sus servicios.<\/p>\r\n<p>RO Spain informa a los usuarios de sus p\u00e1ginas web sobre la existencia de cookies y pone a disposici\u00f3n esta Pol\u00edtica para informarles sobre el uso y el prop\u00f3sito de las mismas. El hecho de continuar la navegaci\u00f3n a trav\u00e9s de su p\u00e1gina, supone el conocimiento y la aceptaci\u00f3n de la presente Pol\u00edtica por parte de dichos usuarios.<\/p>\r\n<p>RO Espa\u00f1a utiliza los siguientes tipos de cookies:<\/p>\r\n<p>Clasificado por la propiedad:<\/p>\r\n<p>Cookies propias: enviadas y gestionadas directamente por RO Spain.<\/p>\r\n<p>Cookies de terceros: enviadas y gestionadas por un tercero fuera de RO Espa\u00f1a, de forma an\u00f3nima, con el fin de realizar estudios estad\u00edsticos de navegaci\u00f3n a trav\u00e9s de la p\u00e1gina web de RO Spain.<\/p>\r\n<p>Clasificados por su finalidad:<\/p>\r\n<p>Cookies t\u00e9cnicas y \/ o de personalizaci\u00f3n: facilitan la navegaci\u00f3n, identificando la sesi\u00f3n, permitiendo el acceso a herramientas de acceso restringido y personalizando las opciones disponibles. Permiten la prestaci\u00f3n del servicio previamente solicitado por el usuario.<\/p>\r\n<p>Cookies de an\u00e1lisis y \/ o publicidad: permiten conocer el n\u00famero de visitas recibidas en las diferentes secciones de las p\u00e1ginas web, los h\u00e1bitos y tendencias de sus usuarios y, consecuentemente, poder mejorar la navegaci\u00f3n y el servicio ofrecido por RO Espa\u00f1a. (fundamentalmente, Google Analytics), as\u00ed como la gesti\u00f3n de los espacios publicitarios incluidos en el sitio web visitado por el usuario. Recopila datos de forma an\u00f3nima para obtener los perfiles de navegaci\u00f3n del usuario.<\/p>\r\n<p>Clasificados por su duraci\u00f3n:<\/p>\r\n<p>Cookies de sesi\u00f3n: recopilan y almacenan los datos mientras el usuario accede a la p\u00e1gina web.<\/p>\r\n<p>Cookies persistentes: recopilan y almacenan los datos en el terminal del usuario durante un per\u00edodo de tiempo variable en funci\u00f3n del prop\u00f3sito para el que se han utilizado.<\/p>\r\n<p>El tiempo de conservaci\u00f3n de las cookies depender\u00e1 del tipo en cuesti\u00f3n y siempre ser\u00e1 el m\u00ednimo necesario para cumplir su prop\u00f3sito.<\/p>\r\n<p>En cualquier caso, los usuarios pueden configurar su navegador, de modo que deshabilite o bloquee la recepci\u00f3n de todas o algunas de las cookies. El hecho de no desear recibir estas cookies no constituye un impedimento para acceder a la informaci\u00f3n en el sitio web de RO Spain, aunque el uso de algunos servicios puede ser limitado. Si una vez que se ha otorgado el consentimiento para la recepci\u00f3n de cookies, se desea eliminar esto, se deben eliminar aquellos almacenados en el equipo del usuario, a trav\u00e9s de las opciones de los diferentes navegadores.<\/p>\r\n<p>La forma de configurar los diferentes navegadores para ejercer las acciones indicadas en los p\u00e1rrafos anteriores se puede consultar en:<\/p>\r\n<ul>\r\n<li>Firefox: http: \/\/support.mozilla.org\/es\/kb\/cookies-informacion-que-los-sitios-web-guardan-en-? Redirectlocale = en-US &amp; redirectslug = Cookies<\/li>\r\n<li>Chrome: https:\/\/support.google.com\/chrome\/answer\/95647?hl=es<\/li>\r\n<li>Explorer: http:\/\/windows.microsoft.com\/es-es\/windows7\/how-to-manage-cookies-in-internet-explorer-9<\/li>\r\n<li>Safari: http:\/\/translate.google.com\/translate?hl=en&amp;sl=en&amp;tl=es&amp;u=http%3A%2F%2Fsupport.apple.com%2Fkb%2Fph5042<\/li>\r\n<\/ul>\r\n<p>RO Spain modificar\u00e1 esta Pol\u00edtica de Cookies siempre que haya cambios en la configuraci\u00f3n y \/ o uso de las mismas, publicando su versi\u00f3n actualizada en sus sitios web.<\/p>","protected":false},"excerpt":{"rendered":"<p>POL\u00cdTICA DE PRIVACIDAD &nbsp; Responsable \u00bfQui\u00e9n es responsable del procesamiento de sus datos? Propietario: DYROMO TRADE, S.L.\u00a0Nombre comercial: CMR Real Estate &amp; Business Solutions Co. Ltd.\u00a0C.I.F.:<span class=\"excerpt-hellip\"> [\u2026]<\/span><\/p>\n","protected":false},"author":1,"featured_media":0,"parent":0,"menu_order":0,"comment_status":"closed","ping_status":"open","template":"","meta":{"footnotes":""},"class_list":["post-435","page","type-page","status-publish","hentry"],"aioseo_notices":[],"_links":{"self":[{"href":"https:\/\/www.cmrthailand.com\/es\/wp-json\/wp\/v2\/pages\/435","targetHints":{"allow":["GET"]}}],"collection":[{"href":"https:\/\/www.cmrthailand.com\/es\/wp-json\/wp\/v2\/pages"}],"about":[{"href":"https:\/\/www.cmrthailand.com\/es\/wp-json\/wp\/v2\/types\/page"}],"author":[{"embeddable":true,"href":"https:\/\/www.cmrthailand.com\/es\/wp-json\/wp\/v2\/users\/1"}],"replies":[{"embeddable":true,"href":"https:\/\/www.cmrthailand.com\/es\/wp-json\/wp\/v2\/comments?post=435"}],"version-history":[{"count":0,"href":"https:\/\/www.cmrthailand.com\/es\/wp-json\/wp\/v2\/pages\/435\/revisions"}],"wp:attachment":[{"href":"https:\/\/www.cmrthailand.com\/es\/wp-json\/wp\/v2\/media?parent=435"}],"curies":[{"name":"wp","href":"https:\/\/api.w.org\/{rel}","templated":true}]}}