{"id":409,"date":"2025-03-28T11:44:07","date_gmt":"2025-03-28T10:44:07","guid":{"rendered":"https:\/\/www.cmrthailand.com\/servicios-legales-y-corporativos\/"},"modified":"2025-05-09T11:42:12","modified_gmt":"2025-05-09T09:42:12","slug":"legal-corporate-services","status":"publish","type":"page","link":"https:\/\/www.cmrthailand.com\/pl\/legal-corporate-services\/","title":{"rendered":"Prawne i Korporacyjne"},"content":{"rendered":"<div class=\"wpb-content-wrapper\"><p>[vc_row full_width=&#8221;stretch_row&#8221; el_class=&#8221;barraTitulo&#8221; css=&#8221;.vc_custom_1742898268307{padding-top: 25px !important;padding-bottom: 25px !important;background-color: #010101 !important;}&#8221;][vc_column css_animation=&#8221;fadeIn&#8221;][vc_column_text css_animation=&#8221;none&#8221; css=&#8221;&#8221;]<\/p>\n<h1 style=\"text-align: center;\">US\u0141UGI PRAWNE I KORPORACYJNE<\/h1>\n<h2 style=\"text-align: center;\">Bezproblemowa rejestracja firmy i rozwi\u0105zania korporacyjne<\/h2>\n<p style=\"text-align: center;\">Rozwijasz dzia\u0142alno\u015b\u0107 w Tajlandii? Zajmiemy si\u0119 rejestracj\u0105 sp\u00f3\u0142ki, zgodno\u015bci\u0105 z przepisami i struktur\u0105 korporacyjn\u0105, aby\u015b Ty m\u00f3g\u0142 skupi\u0107 si\u0119 na rozwoju.<\/p>\n<p>[\/vc_column_text][\/vc_column][\/vc_row][vc_row full_width=&#8221;stretch_row&#8221; css_animation=&#8221;fadeIn&#8221; css=&#8221;.vc_custom_1742988188073{background-color: #D9D9D9 !important;}&#8221; el_class=&#8221;txtTitulo&#8221;][vc_column][vc_column_text css=&#8221;&#8221;]<\/p>\n<h4 style=\"text-align: center;\">NASZE US\u0141UGI KORPORACYJNE:<\/h4>\n<p>[\/vc_column_text][\/vc_column][\/vc_row][vc_row full_width=&#8221;stretch_row_content_no_spaces&#8221; equal_height=&#8221;yes&#8221; el_class=&#8221;nuestrosServicios&#8221;][vc_column css_animation=&#8221;fadeIn&#8221; width=&#8221;1\/2&#8243; css=&#8221;.vc_custom_1743163807358{background-image: url(https:\/\/www.cmrthailand.com\/wp-content\/uploads\/2025\/03\/Company-Formation-and-Business-Registration-img.jpg?id=104) !important;background-position: center !important;background-repeat: no-repeat !important;background-size: cover !important;}&#8221;][\/vc_column][vc_column width=&#8221;1\/2&#8243; css=&#8221;.vc_custom_1742904215433{padding-top: 15% !important;padding-right: 20% !important;padding-bottom: 15% !important;padding-left: 20% !important;background-color: #F1F1F1 !important;}&#8221;][vc_column_text css_animation=&#8221;fadeInRight&#8221; css=&#8221;&#8221;]<\/p>\n<h1>Zak\u0142adanie sp\u00f3\u0142ek i rejestracja dzia\u0142alno\u015bci<\/h1>\n<p>Rejestracja sp\u00f3\u0142ek, rejestracja VAT i uzyskiwanie licencji.<\/p>\n<p>[\/vc_column_text][\/vc_column][\/vc_row][vc_row full_width=&#8221;stretch_row_content_no_spaces&#8221; equal_height=&#8221;yes&#8221; el_class=&#8221;nuestrosServicios revertir&#8221;][vc_column width=&#8221;1\/2&#8243; css=&#8221;.vc_custom_1742904210130{padding-top: 15% !important;padding-right: 20% !important;padding-bottom: 15% !important;padding-left: 20% !important;background-color: #F1F1F1 !important;}&#8221;][vc_column_text css_animation=&#8221;fadeInLeft&#8221; css=&#8221;&#8221;]<\/p>\n<h1>Us\u0142ugi regulacyjne i zgodno\u015bci<\/h1>\n<p>Licencje, zgodno\u015b\u0107 podatkowa i zach\u0119ty inwestycyjne BOI.<\/p>\n<p>[\/vc_column_text][\/vc_column][vc_column css_animation=&#8221;fadeIn&#8221; width=&#8221;1\/2&#8243; css=&#8221;.vc_custom_1743164051784{background-image: url(https:\/\/www.cmrthailand.com\/wp-content\/uploads\/2025\/03\/Regulatory-and-Compliance-Services-img-1.jpg?id=106) !important;background-position: center !important;background-repeat: no-repeat !important;background-size: cover !important;}&#8221;][\/vc_column][\/vc_row][vc_row full_width=&#8221;stretch_row_content_no_spaces&#8221; equal_height=&#8221;yes&#8221; el_class=&#8221;nuestrosServicios&#8221;][vc_column css_animation=&#8221;fadeIn&#8221; width=&#8221;1\/2&#8243; css=&#8221;.vc_custom_1743164377029{background-image: url(https:\/\/www.cmrthailand.com\/wp-content\/uploads\/2025\/03\/Project-Management-and-Business-Administration-img.jpg?id=108) !important;background-position: center !important;background-repeat: no-repeat !important;background-size: cover !important;}&#8221;][\/vc_column][vc_column width=&#8221;1\/2&#8243; css=&#8221;.vc_custom_1742904215433{padding-top: 15% !important;padding-right: 20% !important;padding-bottom: 15% !important;padding-left: 20% !important;background-color: #F1F1F1 !important;}&#8221;][vc_column_text css_animation=&#8221;fadeInRight&#8221; css=&#8221;&#8221;]<\/p>\n<h1>Zarz\u0105dzanie projektami i administracja biznesowa<\/h1>\n<p>Tymczasowe rozwi\u0105zania zarz\u0105dcze na etapie zak\u0142adania firmy.<\/p>\n<p>[\/vc_column_text][\/vc_column][\/vc_row][vc_row full_width=&#8221;stretch_row_content_no_spaces&#8221; equal_height=&#8221;yes&#8221; el_class=&#8221;nuestrosServicios revertir&#8221;][vc_column width=&#8221;1\/2&#8243; css=&#8221;.vc_custom_1742904210130{padding-top: 15% !important;padding-right: 20% !important;padding-bottom: 15% !important;padding-left: 20% !important;background-color: #F1F1F1 !important;}&#8221;][vc_column_text css_animation=&#8221;fadeInLeft&#8221; css=&#8221;&#8221;]<\/p>\n<h1>Doradztwo biznesowe i strategia wej\u015bcia na rynek<\/h1>\n<p>Strategiczne wsparcie w zakresie podatk\u00f3w, partnerstw i inwestycji.<\/p>\n<p>[\/vc_column_text][\/vc_column][vc_column css_animation=&#8221;fadeIn&#8221; width=&#8221;1\/2&#8243; css=&#8221;.vc_custom_1743164604325{background-image: url(https:\/\/www.cmrthailand.com\/wp-content\/uploads\/2025\/03\/Business-Advisory-and-Market-Entry-Strategy-img.jpg?id=110) !important;background-position: center !important;background-repeat: no-repeat !important;background-size: cover !important;}&#8221;][\/vc_column][\/vc_row][vc_row full_width=&#8221;stretch_row_content_no_spaces&#8221; equal_height=&#8221;yes&#8221; el_class=&#8221;nuestrosServicios&#8221;][vc_column css_animation=&#8221;fadeIn&#8221; width=&#8221;1\/2&#8243; css=&#8221;.vc_custom_1743165014980{background-image: url(https:\/\/www.cmrthailand.com\/wp-content\/uploads\/2025\/03\/Foreign-Investment-and-MLM-Licensing-img.jpg?id=112) !important;background-position: center !important;background-repeat: no-repeat !important;background-size: cover !important;}&#8221;][\/vc_column][vc_column width=&#8221;1\/2&#8243; css=&#8221;.vc_custom_1742904215433{padding-top: 15% !important;padding-right: 20% !important;padding-bottom: 15% !important;padding-left: 20% !important;background-color: #F1F1F1 !important;}&#8221;][vc_column_text css_animation=&#8221;fadeInRight&#8221; css=&#8221;&#8221;]<\/p>\n<h1>Inwestycje zagraniczne i licencje MLM<\/h1>\n<p>Wsparcie w uzyskaniu licencji na sprzeda\u017c bezpo\u015bredni\u0105 i marketing wielopoziomowy.[\/vc_column_text][\/vc_column][\/vc_row][vc_row full_width=&#8221;stretch_row_content_no_spaces&#8221; equal_height=&#8221;yes&#8221; el_class=&#8221;nuestrosServicios revertir&#8221;][vc_column width=&#8221;1\/2&#8243; css=&#8221;.vc_custom_1742904210130{padding-top: 15% !important;padding-right: 20% !important;padding-bottom: 15% !important;padding-left: 20% !important;background-color: #F1F1F1 !important;}&#8221;][vc_column_text css_animation=&#8221;fadeInLeft&#8221; css=&#8221;&#8221;]<\/p>\n<h1>Licencje bran\u017cowe<\/h1>\n<p>Urz\u0105dzenia medyczne, kosmetyki, suplementy i import \u017cywno\u015bci.<\/p>\n<p>[\/vc_column_text][\/vc_column][vc_column css_animation=&#8221;fadeIn&#8221; width=&#8221;1\/2&#8243; css=&#8221;.vc_custom_1743165584535{background-image: url(https:\/\/www.cmrthailand.com\/wp-content\/uploads\/2025\/03\/Industry-Specific-Licensing-img.jpg?id=116) !important;background-position: center !important;background-repeat: no-repeat !important;background-size: cover !important;}&#8221;][\/vc_column][\/vc_row][vc_row full_width=&#8221;stretch_row&#8221; css=&#8221;.vc_custom_1744093765072{padding-top: 25px !important;padding-bottom: 25px !important;background-image: url(https:\/\/www.cmrthailand.com\/wp-content\/uploads\/2025\/04\/llamada-accion.jpg?id=164) !important;background-position: center !important;background-repeat: no-repeat !important;background-size: cover !important;}&#8221; el_class=&#8221;llamadaAccion&#8221;][vc_column width=&#8221;1\/2&#8243;][\/vc_column][vc_column css_animation=&#8221;fadeInRight&#8221; width=&#8221;1\/2&#8243;][vc_column_text css_animation=&#8221;none&#8221; css=&#8221;&#8221;]<\/p>\n<h2>Skontaktuj si\u0119 z nami.<\/h2>\n<h3>Z przyjemno\u015bci\u0105 Ci pomo\u017cemy.<\/h3>\n<p>[\/vc_column_text][vc_btn title=&#8221;Kontakt&#8221; color=&#8221;white&#8221; css_animation=&#8221;none&#8221; css=&#8221;&#8221; link=&#8221;url:https%3A%2F%2Fwww.cmrthailand.com%2Fpl%2Fkontakt%2F&#8221;][\/vc_column][\/vc_row][vc_row css=&#8221;.vc_custom_1742986828501{margin-top: 50px !important;}&#8221;][vc_column][vc_text_separator title=&#8221;&#8221; i_type=&#8221;linecons&#8221; i_icon_linecons=&#8221;vc_li vc_li-diamond&#8221; i_color=&#8221;custom&#8221; el_width=&#8221;20&#8243; css=&#8221;&#8221; add_icon=&#8221;true&#8221; i_custom_color=&#8221;#909090&#8243;][\/vc_column][\/vc_row][vc_row][vc_column css_animation=&#8221;fadeIn&#8221;][vc_column_text css=&#8221;&#8221;]<\/p>\n<h4>Dlaczego warto wybra\u0107 CMR do obs\u0142ugi korporacyjnej?<\/h4>\n<p>[\/vc_column_text][vc_row_inner css=&#8221;.vc_custom_1743159842049{margin-bottom: 0px !important;padding-bottom: 0px !important;}&#8221;][vc_column_inner width=&#8221;1\/2&#8243;]<div class=\"list_item lists_1 clearfix\"><div class=\"list_left list_icon\"><i class=\"fas fa-balance-scale-right\" aria-hidden=\"true\"><\/i><\/div><div class=\"list_right\"><h4 class=\"title \">Znajomo\u015b\u0107 tajskiego prawa gospodarczego:<\/h4><div class=\"desc\">Uproszczona obs\u0142uga prawna i regulacyjna.<\/div><\/div><\/div>\n[\/vc_column_inner][vc_column_inner width=&#8221;1\/2&#8243;]<div class=\"list_item lists_1 clearfix\"><div class=\"list_left list_icon\"><i class=\"fas fa-comment-dots\" aria-hidden=\"true\"><\/i><\/div><div class=\"list_right\"><h4 class=\"title \">Dostosowane rozwi\u0105zania korporacyjne:<\/h4><div class=\"desc\">Wsparcie dopasowane do Twojego modelu biznesowego.<\/div><\/div><\/div>\n[\/vc_column_inner][\/vc_row_inner][vc_row_inner][vc_column_inner width=&#8221;1\/2&#8243;]<div class=\"list_item lists_1 clearfix\"><div class=\"list_left list_icon\"><i class=\"fas fa-tachometer-alt\" aria-hidden=\"true\"><\/i><\/div><div class=\"list_right\"><h4 class=\"title \">Szybkie i bezproblemowe rozpocz\u0119cie dzia\u0142alno\u015bci:<\/h4><div class=\"desc\">Efektywna rejestracja i gotowo\u015b\u0107 operacyjna.<\/div><\/div><\/div>\n[\/vc_column_inner][vc_column_inner width=&#8221;1\/2&#8243;]<div class=\"list_item lists_1 clearfix\"><div class=\"list_left list_icon\"><i class=\"fas fa-handshake\" aria-hidden=\"true\"><\/i><\/div><div class=\"list_right\"><h4 class=\"title \">Sta\u0142e wsparcie i doradztwo:<\/h4><div class=\"desc\">D\u0142ugoterminowa pomoc w rozwoju dzia\u0142alno\u015bci.<\/div><\/div><\/div>\n[\/vc_column_inner][\/vc_row_inner][\/vc_column][\/vc_row][vc_row css=&#8221;.vc_custom_1742986828501{margin-top: 50px !important;}&#8221;][vc_column][vc_text_separator title=&#8221;&#8221; i_type=&#8221;linecons&#8221; i_icon_linecons=&#8221;vc_li vc_li-diamond&#8221; i_color=&#8221;custom&#8221; el_width=&#8221;20&#8243; css=&#8221;&#8221; add_icon=&#8221;true&#8221; i_custom_color=&#8221;#909090&#8243;][\/vc_column][\/vc_row][vc_row full_width=&#8221;stretch_row&#8221; css_animation=&#8221;fadeIn&#8221; css=&#8221;.vc_custom_1742989507647{margin-bottom: -15px !important;background-color: #D9D9D9 !important;}&#8221; el_class=&#8221;txtTitulo&#8221;][vc_column][\/vc_column][\/vc_row]<\/p>\n<\/div>","protected":false},"excerpt":{"rendered":"<p>[vc_row full_width=&#8221;stretch_row&#8221; el_class=&#8221;barraTitulo&#8221; css=&#8221;.vc_custom_1742898268307{padding-top: 25px !important;padding-bottom: 25px !important;background-color: #010101 !important;}&#8221;][vc_column css_animation=&#8221;fadeIn&#8221;][vc_column_text css_animation=&#8221;none&#8221; css=&#8221;&#8221;] US\u0141UGI PRAWNE I KORPORACYJNE Bezproblemowa rejestracja firmy i rozwi\u0105zania korporacyjne Rozwijasz dzia\u0142alno\u015b\u0107 w<span class=\"excerpt-hellip\"> [\u2026]<\/span><\/p>\n","protected":false},"author":1,"featured_media":0,"parent":0,"menu_order":0,"comment_status":"closed","ping_status":"open","template":"","meta":{"footnotes":""},"class_list":["post-409","page","type-page","status-publish","hentry"],"aioseo_notices":[],"_links":{"self":[{"href":"https:\/\/www.cmrthailand.com\/pl\/wp-json\/wp\/v2\/pages\/409","targetHints":{"allow":["GET"]}}],"collection":[{"href":"https:\/\/www.cmrthailand.com\/pl\/wp-json\/wp\/v2\/pages"}],"about":[{"href":"https:\/\/www.cmrthailand.com\/pl\/wp-json\/wp\/v2\/types\/page"}],"author":[{"embeddable":true,"href":"https:\/\/www.cmrthailand.com\/pl\/wp-json\/wp\/v2\/users\/1"}],"replies":[{"embeddable":true,"href":"https:\/\/www.cmrthailand.com\/pl\/wp-json\/wp\/v2\/comments?post=409"}],"version-history":[{"count":0,"href":"https:\/\/www.cmrthailand.com\/pl\/wp-json\/wp\/v2\/pages\/409\/revisions"}],"wp:attachment":[{"href":"https:\/\/www.cmrthailand.com\/pl\/wp-json\/wp\/v2\/media?parent=409"}],"curies":[{"name":"wp","href":"https:\/\/api.w.org\/{rel}","templated":true}]}}