{"id":419,"date":"2025-03-28T13:43:10","date_gmt":"2025-03-28T12:43:10","guid":{"rendered":"https:\/\/www.cmrthailand.com\/about-us\/"},"modified":"2025-05-29T11:37:59","modified_gmt":"2025-05-29T09:37:59","slug":"about-us","status":"publish","type":"page","link":"https:\/\/www.cmrthailand.com\/pl\/about-us\/","title":{"rendered":"O nas"},"content":{"rendered":"<div class=\"wpb-content-wrapper\"><p>[vc_row full_width=&#8221;stretch_row&#8221; el_class=&#8221;barraTitulo&#8221; css=&#8221;.vc_custom_1742898268307{padding-top: 25px !important;padding-bottom: 25px !important;background-color: #010101 !important;}&#8221;][vc_column css_animation=&#8221;fadeIn&#8221;][vc_column_text css_animation=&#8221;none&#8221; css=&#8221;&#8221;]<\/p>\n<h1 style=\"text-align: center;\">CMR REAL ESTATE &amp; BUSINESS SOLUTIONS<\/h1>\n<h2 style=\"text-align: center;\">Tw\u00f3j zaufany partner biznesowy w Tajlandii<\/h2>\n<p style=\"text-align: center;\">Od pocz\u0105tku naszej dzia\u0142alno\u015bci pomagamy firmom i inwestorom porusza\u0107 si\u0119 po tajskim systemie regulacyjnym, budowa\u0107 obecno\u015b\u0107 na rynku i zdobywa\u0107 mo\u017cliwo\u015bci inwestycyjne w nieruchomo\u015bci.<\/p>\n<p>[\/vc_column_text][\/vc_column][\/vc_row][vc_row css=&#8221;.vc_custom_1748511461680{padding-top: 50px !important;padding-bottom: 50px !important;}&#8221;][vc_column][vc_column_text css=&#8221;&#8221;]<\/p>\n<h1>Nasz Zesp\u00f3\u0142 Sprzeda\u017cy<\/h1>\n<p>[\/vc_column_text][vc_column_text css=&#8221;&#8221;]\t\t<div class=\"wp-tsas-slider-wrap \">\r\n\t\t\t<div id=\"wp-tsas-slider-1\" class=\"wp_teamshowcase_slider tsas-enable-popup design-2\">\r\n\t\t\t\t<div class=\"team-slider \">\r\n\t<div class=\"teamshowcase-image-bg\">\r\n\t\t<img decoding=\"async\"  src=\"https:\/\/www.cmrthailand.com\/wp-content\/uploads\/2025\/06\/Stephanie-img.jpg\" alt=\"Stephanie\" \/>\r\n\t\t\t\t\t<a class=\"teamshowcase-hover-icon popup-modal\" data-mfp-src=\"#popup-1-1\" href=\"javascript:void(0);\"><i class=\"fa fa-plus-circle\"><\/i><\/a>\r\n\t\t\t\t<div class=\"member-overlay\">\r\n\t\t\t<div class=\"member-name\">Stephanie<\/div>\r\n\t\t\t\t\t<\/div>\r\n\t<\/div>\r\n\r\n\t<div class=\"member-content\">\r\n\t\t<div class=\"member-desc\"> \r\n\t\t\t\t\t\t\tDoradca ds. sprzeda\u017cy\t\t\t\t\t<\/div>\r\n\r\n\t\t\t<\/div>\r\n\r\n\t<\/div><div class=\"team-slider \">\r\n\t<div class=\"teamshowcase-image-bg\">\r\n\t\t<img decoding=\"async\"  src=\"https:\/\/www.cmrthailand.com\/wp-content\/uploads\/2025\/05\/Nilianna-img-1.jpg\" alt=\"Nilianna\" \/>\r\n\t\t\t\t\t<a class=\"teamshowcase-hover-icon popup-modal\" data-mfp-src=\"#popup-1-2\" href=\"javascript:void(0);\"><i class=\"fa fa-plus-circle\"><\/i><\/a>\r\n\t\t\t\t<div class=\"member-overlay\">\r\n\t\t\t<div class=\"member-name\">Nilianna<\/div>\r\n\t\t\t\t\t<\/div>\r\n\t<\/div>\r\n\r\n\t<div class=\"member-content\">\r\n\t\t<div class=\"member-desc\"> \r\n\t\t\t\t\t\t\tDoradca ds. sprzeda\u017cy\t\t\t\t\t<\/div>\r\n\r\n\t\t\t<\/div>\r\n\r\n\t<\/div><div class=\"team-slider \">\r\n\t<div class=\"teamshowcase-image-bg\">\r\n\t\t<img decoding=\"async\"  src=\"https:\/\/www.cmrthailand.com\/wp-content\/uploads\/2025\/05\/aira-javier-img.jpg\" alt=\"Aira Javier\" \/>\r\n\t\t\t\t\t<a class=\"teamshowcase-hover-icon popup-modal\" data-mfp-src=\"#popup-1-3\" href=\"javascript:void(0);\"><i class=\"fa fa-plus-circle\"><\/i><\/a>\r\n\t\t\t\t<div class=\"member-overlay\">\r\n\t\t\t<div class=\"member-name\">Aira Javier<\/div>\r\n\t\t\t\t\t<\/div>\r\n\t<\/div>\r\n\r\n\t<div class=\"member-content\">\r\n\t\t<div class=\"member-desc\"> \r\n\t\t\t\t\t\t\tSpecjalista ds. Marketingu i Doradca ds. Sprzeda\u017cy\t\t\t\t\t<\/div>\r\n\r\n\t\t\t<\/div>\r\n\r\n\t<\/div><div class=\"team-slider \">\r\n\t<div class=\"teamshowcase-image-bg\">\r\n\t\t<img decoding=\"async\"  src=\"https:\/\/www.cmrthailand.com\/wp-content\/uploads\/2025\/05\/rita-img.jpg\" alt=\"Rita\" \/>\r\n\t\t\t\t\t<a class=\"teamshowcase-hover-icon popup-modal\" data-mfp-src=\"#popup-1-4\" href=\"javascript:void(0);\"><i class=\"fa fa-plus-circle\"><\/i><\/a>\r\n\t\t\t\t<div class=\"member-overlay\">\r\n\t\t\t<div class=\"member-name\">Rita<\/div>\r\n\t\t\t\t\t<\/div>\r\n\t<\/div>\r\n\r\n\t<div class=\"member-content\">\r\n\t\t<div class=\"member-desc\"> \r\n\t\t\t\t\t\t\tDoradca ds. Sprzeda\u017cy\t\t\t\t\t<\/div>\r\n\r\n\t\t\t<\/div>\r\n\r\n\t<\/div><div class=\"team-slider \">\r\n\t<div class=\"teamshowcase-image-bg\">\r\n\t\t<img decoding=\"async\"  src=\"https:\/\/www.cmrthailand.com\/wp-content\/uploads\/2025\/06\/Jeydar.jpg\" alt=\"Jeydar\" \/>\r\n\t\t\t\t\t<a class=\"teamshowcase-hover-icon popup-modal\" data-mfp-src=\"#popup-1-5\" href=\"javascript:void(0);\"><i class=\"fa fa-plus-circle\"><\/i><\/a>\r\n\t\t\t\t<div class=\"member-overlay\">\r\n\t\t\t<div class=\"member-name\">Jeydar<\/div>\r\n\t\t\t\t\t<\/div>\r\n\t<\/div>\r\n\r\n\t<div class=\"member-content\">\r\n\t\t<div class=\"member-desc\"> \r\n\t\t\t\t\t\t\t Doradca ds. Sprzeda\u017cy\t\t\t\t\t<\/div>\r\n\r\n\t\t\t<\/div>\r\n\r\n\t<\/div>\t\t\t<\/div>\r\n\t\t\t\r\n<div id=\"popup-1-1\" class=\"mfp-hide white-popup-block wp-tsas-popup-wrp\">\r\n\t<header>\r\n\t\t<div class=\"wp-modal-header ng-scope\" style=\"background:url(https:\/\/www.cmrthailand.com\/wp-content\/uploads\/2025\/06\/Stephanie-img.jpg) center top no-repeat;\">\r\n\t\t\t<div class=\"member-popup-info\">\r\n\t\t\t\t<div class=\"member-name\">Stephanie<\/div>\r\n\t\t\t\t\t\t\t<\/div>\r\n\t\t<\/div>\r\n\t<\/header>\r\n\r\n\t<div class=\"wp-modal-body\">\r\n\t\t<p>Pochodz\u0119 z Niderland\u00f3w, a Dubaj sta\u0142 si\u0119 moim domem ju\u017c kilka lat temu. To, co zacz\u0119\u0142o si\u0119 jako fascynacja tym dynamicznym miastem, szybko przerodzi\u0142o si\u0119 w rozwijaj\u0105c\u0105 si\u0119 karier\u0119 w bran\u017cy nieruchomo\u015bci. Jako agent nieruchomo\u015bci mia\u0142em przyjemno\u015b\u0107 pomaga\u0107 klientom z ca\u0142ego \u015bwiata w znalezieniu wymarzonego domu oraz mo\u017cliwo\u015bci inwestycyjnych na jednym z najbardziej ekscytuj\u0105cych rynk\u00f3w na \u015bwiecie. Z holendersk\u0105 dba\u0142o\u015bci\u0105 o szczeg\u00f3\u0142y i ambicj\u0105 nap\u0119dzan\u0105 przez Dubaj, \u0142\u0105cz\u0119 jasn\u0105 komunikacj\u0119 z lokaln\u0105 wiedz\u0105 \u2014 zawsze z osobistym podej\u015bciem.<\/p>\n\t<\/div>\r\n\r\n<\/div>\r\n<div id=\"popup-1-2\" class=\"mfp-hide white-popup-block wp-tsas-popup-wrp\">\r\n\t<header>\r\n\t\t<div class=\"wp-modal-header ng-scope\" style=\"background:url(https:\/\/www.cmrthailand.com\/wp-content\/uploads\/2025\/05\/Nilianna-img-1.jpg) center top no-repeat;\">\r\n\t\t\t<div class=\"member-popup-info\">\r\n\t\t\t\t<div class=\"member-name\">Nilianna<\/div>\r\n\t\t\t\t\t\t\t<\/div>\r\n\t\t<\/div>\r\n\t<\/header>\r\n\r\n\t<div class=\"wp-modal-body\">\r\n\t\t<p data-start=\"57\" data-end=\"374\">Cze\u015b\u0107, nazywam si\u0119 Nilianna \u2013 jestem pasjonatk\u0105 nieruchomo\u015bci z zami\u0142owaniem do przekszta\u0142cania zwyk\u0142ych przestrzeni w przytulne, go\u015bcinne domy. Zacz\u0105\u0142am inwestowa\u0107 w nieruchomo\u015bci w 2017 roku i od tego czasu zarz\u0105dzam swoimi w\u0142asnymi nieruchomo\u015bciami \u2013 od remont\u00f3w po pe\u0142ne przygotowanie pod kr\u00f3tkoterminowy wynajem.<\/p>\n<p data-start=\"376\" data-end=\"595\">Zanim wkroczy\u0142am do \u015bwiata nieruchomo\u015bci, przez 15 lat pracowa\u0142am jako stewardessa w Emirates, obs\u0142uguj\u0105c VIP-\u00f3w w klasie pierwszej \u2013 co nauczy\u0142o mnie, jak \u015bwiadczy\u0107 us\u0142ugi na \u015bwiatowym poziomie i dba\u0107 o ka\u017cdy szczeg\u00f3\u0142.<\/p>\n<p data-start=\"597\" data-end=\"917\">Teraz przenosz\u0119 ten sam poziom troski i doskona\u0142o\u015bci do zarz\u0105dzania nieruchomo\u015bciami i prowadzenia Airbnb. M\u00f3wi\u0119 zar\u00f3wno po angielsku, jak i po polsku, i uwielbiam pracowa\u0107 z lud\u017ami \u2013 czy to pomagaj\u0105c im znale\u017a\u0107 odpowiedni\u0105 inwestycj\u0119, tworz\u0105c stylow\u0105 przestrze\u0144, czy po prostu dbaj\u0105c, aby wszystko przebiega\u0142o sprawnie.<\/p>\n<p data-start=\"919\" data-end=\"1170\">Ludzie m\u00f3wi\u0105, \u017ce jestem zaradna, niezawodna i \u015bwietnie dostrzegam okazje, kt\u00f3re inni mog\u0105 przeoczy\u0107 \u2013 lubi\u0119 dostarcza\u0107 wysokiej jako\u015bci wyniki bez nadmiernych wydatk\u00f3w. Je\u015bli szukasz kogo\u015b, kto \u0142\u0105czy ciep\u0142o z fachowo\u015bci\u0105, \u015bmia\u0142o si\u0119 ze mn\u0105 skontaktuj.<\/p>\n<p data-start=\"1172\" data-end=\"1302\">Ciesz\u0119 si\u0119, \u017ce mog\u0119 by\u0107 cz\u0119\u015bci\u0105 zespo\u0142u CMR Real Estate w Dubaju i pomaga\u0107 naszym klientom znale\u017a\u0107 ich idealny dom lub inwestycj\u0119.<\/p>\n\t<\/div>\r\n\r\n<\/div>\r\n<div id=\"popup-1-3\" class=\"mfp-hide white-popup-block wp-tsas-popup-wrp\">\r\n\t<header>\r\n\t\t<div class=\"wp-modal-header ng-scope\" style=\"background:url(https:\/\/www.cmrthailand.com\/wp-content\/uploads\/2025\/05\/aira-javier-img.jpg) center top no-repeat;\">\r\n\t\t\t<div class=\"member-popup-info\">\r\n\t\t\t\t<div class=\"member-name\">Aira Javier<\/div>\r\n\t\t\t\t\t\t\t<\/div>\r\n\t\t<\/div>\r\n\t<\/header>\r\n\r\n\t<div class=\"wp-modal-body\">\r\n\t\t<p>Nazywam si\u0119 Aira Javier, jestem liderk\u0105 ds. marketingu i sprzeda\u017cy w CMR Real Estate. Pochodz\u0119 z Filipin, a obecnie mieszkam w Bangkoku, w Tajlandii.<\/p>\n<p>Specjalizuj\u0119 si\u0119 w strategii marketingowej, kinematografii, reklamach wideo, budowaniu marki oraz tworzeniu stron internetowych. Uwielbiam tworzy\u0107 tre\u015bci, kt\u00f3re nie tylko \u015bwietnie wygl\u0105daj\u0105, ale tak\u017ce przynosz\u0105 realne rezultaty.<\/p>\n<p>W CMR Real Estate pomagam naszym klientom znale\u017a\u0107 najlepsze mo\u017cliwo\u015bci inwestycyjne \u2014 niezale\u017cnie od tego, czy szukaj\u0105 wymarzonego domu, czy m\u0105drej inwestycji. Moim celem jest zawsze \u0142\u0105czenie \u015bwietnych pomys\u0142\u00f3w z odpowiedni\u0105 publiczno\u015bci\u0105.<\/p>\n\t<\/div>\r\n\r\n<\/div>\r\n<div id=\"popup-1-4\" class=\"mfp-hide white-popup-block wp-tsas-popup-wrp\">\r\n\t<header>\r\n\t\t<div class=\"wp-modal-header ng-scope\" style=\"background:url(https:\/\/www.cmrthailand.com\/wp-content\/uploads\/2025\/05\/rita-img.jpg) center top no-repeat;\">\r\n\t\t\t<div class=\"member-popup-info\">\r\n\t\t\t\t<div class=\"member-name\">Rita<\/div>\r\n\t\t\t\t\t\t\t<\/div>\r\n\t\t<\/div>\r\n\t<\/header>\r\n\r\n\t<div class=\"wp-modal-body\">\r\n\t\t<p>azywam si\u0119 Rita i z przyjemno\u015bci\u0105 przedstawiam si\u0119 jako Doradczyni ds. Nieruchomo\u015bci w CMR Spain Real Estate &#038; Business Solutions. M\u00f3wi\u0119 po tajsku i angielsku, a moje cenne do\u015bwiadczenie w pracy z osobami z r\u00f3\u017cnych kultur zdoby\u0142am, mieszkaj\u0105c i pracuj\u0105c wcze\u015bniej w Singapurze.<\/p>\n<p>Po wielu latach sp\u0119dzonych w r\u00f3\u017cnych krajach Azji, w tym w moim rodzinnym mie\u015bcie Chiang Mai, zdecydowa\u0142am si\u0119 przeprowadzi\u0107 do Bangkoku. Od ponad czterech lat mieszkam i pracuj\u0119 w stolicy. W mojej poprzedniej roli jako Doradczyni ds. Sprzeda\u017cy i Koordynatorka Projekt\u00f3w w firmie e-commerce by\u0142am odpowiedzialna za marketing, komunikacj\u0119 i sprzeda\u017c. To do\u015bwiadczenie ukszta\u0142towa\u0142o mnie jako profesjonalistk\u0119 posiadaj\u0105c\u0105 zar\u00f3wno wiedz\u0119, jak i \u0142atwo\u015b\u0107 nawi\u0105zywania relacji.<\/p>\n<p>Nieruchomo\u015bci od zawsze by\u0142y cz\u0119\u015bci\u0105 mojego otoczenia \u2014 dorasta\u0142am w turystycznym mie\u015bcie. Wej\u015bcie w bran\u017c\u0119 nieruchomo\u015bci by\u0142o dla mnie naturalnym i komfortowym krokiem.<\/p>\n<p>Moim celem jest zapewnienie klientom najwy\u017cszego poziomu obs\u0142ugi oraz wyj\u0105tkowego do\u015bwiadczenia zwi\u0105zanego z nieruchomo\u015bciami w Bangkoku.<\/p>\n<p>Sprawia mi ogromn\u0105 przyjemno\u015b\u0107 wspiera\u0107 klient\u00f3w na ka\u017cdym etapie ich drogi \u2014 nie tylko w znalezieniu idealnego domu, ale tak\u017ce w tym, by czuli si\u0119 mile widziani i pewni siebie przez ca\u0142y proces.<\/p>\n\t<\/div>\r\n\r\n<\/div>\r\n<div id=\"popup-1-5\" class=\"mfp-hide white-popup-block wp-tsas-popup-wrp\">\r\n\t<header>\r\n\t\t<div class=\"wp-modal-header ng-scope\" style=\"background:url(https:\/\/www.cmrthailand.com\/wp-content\/uploads\/2025\/06\/Jeydar.jpg) center top no-repeat;\">\r\n\t\t\t<div class=\"member-popup-info\">\r\n\t\t\t\t<div class=\"member-name\">Jeydar<\/div>\r\n\t\t\t\t\t\t\t<\/div>\r\n\t\t<\/div>\r\n\t<\/header>\r\n\r\n\t<div class=\"wp-modal-body\">\r\n\t\t<p>Jestem specjalist\u0105 ds. nieruchomo\u015bci w firmie CMR Real Estate &amp; Business Solutions, z wieloletnim do\u015bwiadczeniem na rynku nieruchomo\u015bci, szczeg\u00f3lnie w <strong>Chiang Mai w Tajlandii,<\/strong> gdzie mia\u0142em przyjemno\u015b\u0107 pomaga\u0107 wielu klientom w znalezieniu odpowiedniej nieruchomo\u015bci lub dokonaniu m\u0105drej i bezpiecznej inwestycji. Obecnie rozszerzam swoj\u0105 dzia\u0142alno\u015b\u0107 na Dubaj \u2013 szybko rozwijaj\u0105cy si\u0119 rynek pe\u0142en ekscytuj\u0105cych mo\u017cliwo\u015bci.<\/p>\n<p>Wierz\u0119 w osobiste i ludzkie podej\u015bcie, w kt\u00f3rym ka\u017cdy klient czuje si\u0119 zaopiekowany, zrozumiany i dobrze poinformowany. Wiem, jak wa\u017cne jest podejmowanie decyzji inwestycyjnych z pewno\u015bci\u0105 siebie, dlatego zobowi\u0105zuj\u0119 si\u0119 do \u015bwiadczenia profesjonalnej, przejrzystej obs\u0142ugi dostosowanej do Twoich cel\u00f3w.<\/p>\n<p>Je\u015bli rozwa\u017casz inwestycj\u0119 w <strong>Tajlandii lub Dubaju<\/strong>, z przyjemno\u015bci\u0105 pomog\u0119 Ci podj\u0105\u0107 ten krok z jasn\u0105 perspektyw\u0105 i d\u0142ugoterminow\u0105 wizj\u0105.<\/p>\n\t<\/div>\r\n\r\n<\/div>\t\t\t<div class=\"slider-conf-data\" data-conf=\"{&quot;slides_column&quot;:&quot;4&quot;,&quot;slides_scroll&quot;:1,&quot;dots&quot;:&quot;true&quot;,&quot;arrows&quot;:&quot;true&quot;,&quot;autoplay&quot;:&quot;true&quot;,&quot;autoplay_interval&quot;:3000,&quot;speed&quot;:300,&quot;lazyload&quot;:&quot;&quot;}\"><\/div>\r\n\t\t<\/div>\r\n\t[\/vc_column_text][\/vc_column][\/vc_row][vc_row full_width=&#8221;stretch_row&#8221; full_height=&#8221;yes&#8221; css=&#8221;.vc_custom_1743417303454{padding-top: 50px !important;padding-bottom: 50px !important;background-image: url(https:\/\/www.cmrthailand.com\/wp-content\/uploads\/2025\/03\/dsdsaa.jpg?id=123) !important;}&#8221; el_class=&#8221;txtAbout&#8221;][vc_column css_animation=&#8221;fadeIn&#8221; width=&#8221;1\/2&#8243;][vc_column_text css=&#8221;&#8221;]<\/p>\n<h3>Doradztwo w zakresie nieruchomo\u015bci i inwestycji:<\/h3>\n<p class=\"big\">Atrakcyjne nieruchomo\u015bci komercyjne i strategiczne analizy inwestycyjne.<\/p>\n<p>[\/vc_column_text][vc_text_separator title=&#8221;&#8221; i_icon_fontawesome=&#8221;fa fa-solid fa-angle-down&#8221; i_color=&#8221;custom&#8221; i_size=&#8221;sm&#8221; color=&#8221;custom&#8221; el_width=&#8221;50&#8243; css=&#8221;&#8221; add_icon=&#8221;true&#8221; i_custom_color=&#8221;#A6A5A5&#8243; accent_color=&#8221;#A6A5A5&#8243;][vc_column_text css=&#8221;&#8221;]<\/p>\n<h3>Zak\u0142adanie sp\u00f3\u0142ek i strukturyzacja dzia\u0142alno\u015bci:<\/h3>\n<p class=\"big\">Rejestracja firm i uzyskiwanie licencji bez zb\u0119dnych komplikacji.<\/p>\n<p>[\/vc_column_text][vc_text_separator title=&#8221;&#8221; i_icon_fontawesome=&#8221;fa fa-solid fa-angle-down&#8221; i_color=&#8221;custom&#8221; i_size=&#8221;sm&#8221; color=&#8221;custom&#8221; el_width=&#8221;50&#8243; css=&#8221;&#8221; add_icon=&#8221;true&#8221; i_custom_color=&#8221;#A6A5A5&#8243; accent_color=&#8221;#A6A5A5&#8243;][vc_column_text css=&#8221;&#8221;]<\/p>\n<h3>Rozwi\u0105zania w zakresie przepis\u00f3w i zgodno\u015bci:<\/h3>\n<p class=\"big\">Pe\u0142ne wsparcie prawne w zakresie zgodno\u015bci z przepisami bran\u017cowymi.<\/p>\n<p>[\/vc_column_text][\/vc_column][vc_column css_animation=&#8221;fadeIn&#8221; width=&#8221;1\/2&#8243;][vc_column_text css=&#8221;&#8221;]<\/p>\n<h3>Zarz\u0105dzanie projektami i ekspansja biznesowa:<\/h3>\n<p class=\"big\">Kompleksowe rozwi\u0105zania zapewniaj\u0105ce sukces operacyjny.<\/p>\n<p>[\/vc_column_text][vc_text_separator title=&#8221;&#8221; i_icon_fontawesome=&#8221;fa fa-solid fa-angle-down&#8221; i_color=&#8221;custom&#8221; i_size=&#8221;sm&#8221; color=&#8221;custom&#8221; el_width=&#8221;50&#8243; css=&#8221;&#8221; add_icon=&#8221;true&#8221; i_custom_color=&#8221;#A6A5A5&#8243; accent_color=&#8221;#A6A5A5&#8243;][vc_column_text css=&#8221;&#8221;]<\/p>\n<h3>Posiadanie licencji i licencje MLM:<\/h3>\n<p class=\"big\">Umo\u017cliwiamy bezpo\u015bredni dost\u0119p do rynku.<\/p>\n<p>[\/vc_column_text][vc_text_separator title=&#8221;&#8221; i_icon_fontawesome=&#8221;fa fa-solid fa-angle-down&#8221; i_color=&#8221;custom&#8221; i_size=&#8221;sm&#8221; color=&#8221;custom&#8221; el_width=&#8221;50&#8243; css=&#8221;&#8221; add_icon=&#8221;true&#8221; i_custom_color=&#8221;#A6A5A5&#8243; accent_color=&#8221;#A6A5A5&#8243;][vc_column_text css=&#8221;&#8221;]<\/p>\n<h3>Licencje specjalistyczne i zgodno\u015b\u0107 z regulacjami:<\/h3>\n<p class=\"big\">Certyfikaty dla bran\u017c medycznej, spo\u017cywczej i przemys\u0142owej.<\/p>\n<p>[\/vc_column_text][\/vc_column][\/vc_row][vc_row css=&#8221;.vc_custom_1742986828501{margin-top: 50px !important;}&#8221;][vc_column][vc_text_separator title=&#8221;&#8221; i_type=&#8221;linecons&#8221; i_icon_linecons=&#8221;vc_li vc_li-diamond&#8221; i_color=&#8221;custom&#8221; el_width=&#8221;20&#8243; css=&#8221;&#8221; add_icon=&#8221;true&#8221; i_custom_color=&#8221;#909090&#8243;][\/vc_column][\/vc_row][vc_row][vc_column css_animation=&#8221;fadeIn&#8221;][vc_column_text css=&#8221;&#8221;]<\/p>\n<h4>Dlaczego warto wybra\u0107 CMR?<\/h4>\n<p>[\/vc_column_text][vc_row_inner css=&#8221;.vc_custom_1743159842049{margin-bottom: 0px !important;padding-bottom: 0px !important;}&#8221;][vc_column_inner width=&#8221;1\/2&#8243;]<div class=\"list_item lists_1 clearfix\"><div class=\"list_left list_icon\"><i class=\"fas fa-balance-scale-right\" aria-hidden=\"true\"><\/i><\/div><div class=\"list_right\"><h4 class=\"title \">Do\u015bwiadczenie bran\u017cowe:<\/h4><div class=\"desc\">Dog\u0142\u0119bna znajomo\u015b\u0107 tajskich przepis\u00f3w, rynku nieruchomo\u015bci i inwestycji.<\/div><\/div><\/div>\n[\/vc_column_inner][vc_column_inner width=&#8221;1\/2&#8243;]<div class=\"list_item lists_1 clearfix\"><div class=\"list_left list_icon\"><i class=\"fas fa-comment-dots\" aria-hidden=\"true\"><\/i><\/div><div class=\"list_right\"><h4 class=\"title \">Rozwi\u0105zania dostosowane do potrzeb:<\/h4><div class=\"desc\">Us\u0142ugi szyte na miar\u0119 dla inwestor\u00f3w, korporacji i przedsi\u0119biorc\u00f3w.<\/div><\/div><\/div>\n[\/vc_column_inner][\/vc_row_inner][vc_row_inner][vc_column_inner width=&#8221;1\/2&#8243;]<div class=\"list_item lists_1 clearfix\"><div class=\"list_left list_icon\"><i class=\"fas fa-tachometer-alt\" aria-hidden=\"true\"><\/i><\/div><div class=\"list_right\"><h4 class=\"title \">Specjali\u015bci od wej\u015bcia na rynek:<\/h4><div class=\"desc\">Zapewniamy p\u0142ynne i zgodne z prawem rozpocz\u0119cie dzia\u0142alno\u015bci.<\/div><\/div><\/div>\n[\/vc_column_inner][vc_column_inner width=&#8221;1\/2&#8243;]<div class=\"list_item lists_1 clearfix\"><div class=\"list_left list_icon\"><i class=\"fas fa-handshake\" aria-hidden=\"true\"><\/i><\/div><div class=\"list_right\"><h4 class=\"title \">Nowoczesne podej\u015bcie:<\/h4><div class=\"desc\">Przewidujemy zmiany regulacyjne i trendy rynkowe.<\/div><\/div><\/div>\n[\/vc_column_inner][\/vc_row_inner][\/vc_column][\/vc_row][vc_row css=&#8221;.vc_custom_1742986828501{margin-top: 50px !important;}&#8221;][vc_column][vc_text_separator title=&#8221;&#8221; i_type=&#8221;linecons&#8221; i_icon_linecons=&#8221;vc_li vc_li-diamond&#8221; i_color=&#8221;custom&#8221; el_width=&#8221;20&#8243; css=&#8221;&#8221; add_icon=&#8221;true&#8221; i_custom_color=&#8221;#909090&#8243;][\/vc_column][\/vc_row][vc_row full_width=&#8221;stretch_row&#8221; css_animation=&#8221;fadeIn&#8221; css=&#8221;.vc_custom_1742989507647{margin-bottom: -15px !important;background-color: #D9D9D9 !important;}&#8221; el_class=&#8221;txtTitulo&#8221;][vc_column][\/vc_column][\/vc_row]<\/p>\n<\/div>","protected":false},"excerpt":{"rendered":"<p>[vc_row full_width=&#8221;stretch_row&#8221; el_class=&#8221;barraTitulo&#8221; css=&#8221;.vc_custom_1742898268307{padding-top: 25px !important;padding-bottom: 25px !important;background-color: #010101 !important;}&#8221;][vc_column css_animation=&#8221;fadeIn&#8221;][vc_column_text css_animation=&#8221;none&#8221; css=&#8221;&#8221;] CMR REAL ESTATE &amp; BUSINESS SOLUTIONS Tw\u00f3j zaufany partner biznesowy w Tajlandii Od<span class=\"excerpt-hellip\"> [\u2026]<\/span><\/p>\n","protected":false},"author":1,"featured_media":0,"parent":0,"menu_order":0,"comment_status":"closed","ping_status":"open","template":"","meta":{"footnotes":""},"class_list":["post-419","page","type-page","status-publish","hentry"],"aioseo_notices":[],"_links":{"self":[{"href":"https:\/\/www.cmrthailand.com\/pl\/wp-json\/wp\/v2\/pages\/419","targetHints":{"allow":["GET"]}}],"collection":[{"href":"https:\/\/www.cmrthailand.com\/pl\/wp-json\/wp\/v2\/pages"}],"about":[{"href":"https:\/\/www.cmrthailand.com\/pl\/wp-json\/wp\/v2\/types\/page"}],"author":[{"embeddable":true,"href":"https:\/\/www.cmrthailand.com\/pl\/wp-json\/wp\/v2\/users\/1"}],"replies":[{"embeddable":true,"href":"https:\/\/www.cmrthailand.com\/pl\/wp-json\/wp\/v2\/comments?post=419"}],"version-history":[{"count":0,"href":"https:\/\/www.cmrthailand.com\/pl\/wp-json\/wp\/v2\/pages\/419\/revisions"}],"wp:attachment":[{"href":"https:\/\/www.cmrthailand.com\/pl\/wp-json\/wp\/v2\/media?parent=419"}],"curies":[{"name":"wp","href":"https:\/\/api.w.org\/{rel}","templated":true}]}}