{"id":437,"date":"2025-03-25T10:08:33","date_gmt":"2025-03-25T09:08:33","guid":{"rendered":"https:\/\/www.cmrthailand.com\/?page_id=437"},"modified":"2025-05-14T09:48:40","modified_gmt":"2025-05-14T07:48:40","slug":"polityka-prywatnosci","status":"publish","type":"page","link":"https:\/\/www.cmrthailand.com\/pl\/polityka-prywatnosci\/","title":{"rendered":"Polityka prywatno\u015bci"},"content":{"rendered":"<h1>POLITYKA PRYWATNO\u015aCI<\/h1>\n<ol>\n<li><strong>Kto jest odpowiedzialny za przetwarzanie Twoich danych osobowych?<\/strong><\/li>\n<\/ol>\n<p>W\u0142a\u015bciciel: DYROMO TRADE, S.L.<\/p>\n<p>Nazwa handlowa: CMR Real Estate &amp; Business Solutions Co. Ltd.<\/p>\n<p>C.I.F.: B-54875042<\/p>\n<p>Adres: C \/ Reyes Cat\u00f3licos nr 29, 4\u00ba A-03003 &#8211; Alicante<\/p>\n<p>Telefon: +34 638 315 670<\/p>\n<p>E-mail: <a href=\"mailto:lopd@ro-spain.com\"><u>lopd@ro-spain.com<\/u><\/a><\/p>\n<ol>\n<li><strong> Cele<\/strong><\/li>\n<\/ol>\n<p>W jakim celu przechowujemy Twoje dane osobowe?<\/p>\n<p>Zgodnie z postanowieniami Europejskiego Regulaminu Ochrony Danych 2016\/679, informujemy, \u017ce przekazane dane u\u017cytkownik\u00f3w Dyromo Trade S.L. przechowujemy, w nast\u0119puj\u0105cych celach:<\/p>\n<p>Wysy\u0142ania powiadomie\u0144 i ofert, aby poinformowa\u0107 Ci\u0119 o naszych produktach i us\u0142ugach. W ka\u017cdej chwili mo\u017cesz w\u0142\u0105czy\u0107 lub wy\u0142\u0105czy\u0107 notyfikacj\u0119 za po\u015brednictwem \u0142\u0105czy, kt\u00f3re znajdziesz w ka\u017cdym e-mailu.<\/p>\n<p>Zapobiegania nadu\u017cyciom i oszustwom w korzystaniu z naszych us\u0142ug (na przyk\u0142ad podszywanie si\u0119, oszustwa typu \u201eodmowa us\u0142ugi\u201d, wysy\u0142anie spamu i itp).<\/p>\n<p>Przekazania danych osobowych organom publicznym i w\u0142adzom, o ile s\u0105 one wymagane zgodnie z przepisami prawnymi i regulacyjnymi.<\/p>\n<ol>\n<li><strong> Okres przechowywania danych<\/strong><\/li>\n<\/ol>\n<p>Jak d\u0142ugo b\u0119dziemy przechowywa\u0107 Twoje dane osobowe?<\/p>\n<p>Twoje dane osobowe b\u0119d\u0105 przechowywane przez czas trwania umowy i us\u0142ug handlowych z nasz\u0105 firm\u0105. Po niezb\u0119dnym czasie wype\u0142nienia zobowi\u0105za\u0144 prawnych, w ka\u017cdej chwili mo\u017cesz za\u017c\u0105da\u0107 ich usuni\u0119cia.<\/p>\n<ol>\n<li><strong> Przetwarzanie danych osobowych<\/strong><\/li>\n<\/ol>\n<p>Jak z prawnego punktu widzenia wygl\u0105da przechowywanie Twoich danych?<\/p>\n<p>Podstawa prawna przechowywania Twoich danych osobowych polega na:<\/p>\n<p>Zgodzie u\u017cytkownika na cele wskazane w 2 punktach powy\u017cej.<\/p>\n<p>Uzasadniony interes administratora w celu wskazanym w sekcji powy\u017cej.<\/p>\n<p>Zgodno\u015b\u0107 ze zobowi\u0105zaniami prawnymi maj\u0105cymi zastosowanie w Dyromo Trade, S.L. w celu wskazanym w sekcji 2.<\/p>\n<p>Obowi\u0105zuj\u0105ce prawo i jurysdykcja.<\/p>\n<p>Niniejsza Nota Prawna i jej konsekwencje b\u0119d\u0105 regulowane w ka\u017cdym przypadku przez obecnie obowi\u0105zuj\u0105ce prawo hiszpa\u0144skie.<\/p>\n<ol>\n<li><strong> Odbiorcy<\/strong><\/li>\n<\/ol>\n<p>Do jakich odbiorc\u00f3w b\u0119d\u0105 przekazywane dane?<\/p>\n<p>Twoje dane osobowe nie b\u0119d\u0105 przekazywane osobom trzecim.<\/p>\n<p>Twoje dane osobowe mog\u0105 zosta\u0107 przekazane w\u0142a\u015bciwym organom w przypadkach, w kt\u00f3rych istnieje obowi\u0105zek prawny.<\/p>\n<ol>\n<li><strong> Prawa<\/strong><\/li>\n<\/ol>\n<p>Jakie s\u0105 Twoje prawa, kiedy przekazujesz nam swoje dane osobowe i jak mo\u017cesz je wykorzysta\u0107?<\/p>\n<p>Masz prawo uzyska\u0107 potwierdzenie, czy w Dyromo Trade, S.L. przetrzymujemy dane osobowe, kt\u00f3re Ci\u0119 dotycz\u0105.<\/p>\n<p>Ponadto masz prawo dost\u0119pu do swoich danych osobowych, a tak\u017ce do sprostowania niedok\u0142adnych danych lub w stosownych przypadkach, za\u017c\u0105dania ich usuni\u0119cia, gdy\u017c dane nie s\u0105 ju\u017c potrzebne do cel\u00f3w, na kt\u00f3re zosta\u0142y zebrane.<\/p>\n<p>W pewnych okoliczno\u015bciach mo\u017cesz za\u017c\u0105da\u0107 ograniczenia przetwarzania swoich danych, w tym przypadku b\u0119dziemy je przechowywa\u0107 tylko w celu wykonania lub obrony roszcze\u0144.<\/p>\n<p>Ponadto w pewnych okoliczno\u015bciach i uzasadnionych powodach zwi\u0105zanych z konkretn\u0105 sytuacj\u0105 mo\u017cesz sprzeciwi\u0107 si\u0119 przetwarzaniu danych. Dyromo Trade, S.L. przestanie przetwarza\u0107 dane, z wyj\u0105tkiem wa\u017cnych uzasadnionych motyw\u00f3w, wykonywania lub obrony ewentualnych roszcze\u0144.<\/p>\n<p>Podobnie, mo\u017cesz skorzysta\u0107 z prawa do przenoszenia danych, a tak\u017ce wycofa\u0107 udzielone zgody w dowolnym momencie.<\/p>\n<p>Dyromo Trade, S.L. zastrzega sobie prawo do zmiany polityki prywatno\u015bci zgodnie z jej kryteriami lub ze wzgl\u0119du na zmian\u0119 ustawodawstwa, orzecznictwa lub praktyki biznesowej.<\/p>\n<p>Dyromo Trade, S.L. mo\u017ce wprowadzi\u0107 wszelkie zmiany. Nowy tekst zostanie opublikowany na stronie internetowej, na kt\u00f3rej u\u017cytkownik mo\u017ce pozna\u0107 aktualn\u0105 polityk\u0119 prywatno\u015bci <a href=\"http:\/\/www.easyrentcostablanca.com\/\"><u>http:\/\/www.easyrentcostablanca.com<\/u><\/a>.<\/p>\n<p>Je\u015bli chcesz skorzysta\u0107 z kt\u00f3regokolwiek ze swoich praw, mo\u017cesz skontaktowa\u0107 si\u0119 z nami, wysy\u0142aj\u0105c list uwierzytelniony lub r\u00f3wnowa\u017cny. W celu wierzytelno\u015bci, prze\u015blij swoje potwierdzenie, wraz z kserokopi\u0105 DNI (lub zeskanowanego DNI, je\u015bli jest elektronicznie), na adres C \/ Reyes Cat\u00f3licos 29, 4 A CP 03003 (Alicante) lub na adres e-mail <a href=\"mailto:lopd@ro-spain.com\"><u>lopd@ro-spain.com<\/u><\/a>.<\/p>\n<p>Na koniec informujemy, \u017ce mo\u017cesz skontaktowa\u0107 si\u0119 z Hiszpa\u0144sk\u0105 Agencj\u0105 Ochrony Danych i innymi w\u0142a\u015bciwymi organami publicznymi w przypadku wszelkich roszcze\u0144 wynikaj\u0105cych z przetwarzania Twoich danych osobowych.<\/p>\n<p><strong>Polityka Cookies<\/strong><\/p>\n<p>Niniejsza Polityka Cookies zostanie zastosowana w przypadku u\u017cytkownik\u00f3w, kt\u00f3rzy dobrowolnie odwiedz\u0105 stron\u0119 localhost\/rospain, wype\u0142ni\u0105 formularz do zebrania danych lub skorzystaj\u0105 z dowolnej us\u0142ugi dost\u0119pnej na stronie internetowej, kt\u00f3ra obejmuje przekazywanie danych do RO Spain lub dost\u0119p do danych RO Spain w celu \u015bwiadczenia swoich us\u0142ug.<\/p>\n<p>RO Spain informuje u\u017cytkownik\u00f3w o swoich stronach internetowych i istnieniu plik\u00f3w cookies. Udost\u0119pnia Polityk\u0119 Prywatno\u015bci w celu powiadomienia o ich wykorzystaniu i celu ich u\u017cywania. Dalszy pobyt na stronie internetowej zak\u0142ada znajomo\u015b\u0107 i akceptacj\u0119 niniejszej Polityki Prywatno\u015bci przez wspomnianych u\u017cytkownik\u00f3w.<\/p>\n<p><strong>RO Spain wykorzystuje nast\u0119puj\u0105ce typy plik\u00f3w cookies:<\/strong><\/p>\n<p><strong>Sklasyfikowane wed\u0142ug w\u0142asno\u015bci:<\/strong><\/p>\n<p><strong>W\u0142asne pliki cookies: <\/strong>wysy\u0142ane i zarz\u0105dzane bezpo\u015brednio przez RO Spain<\/p>\n<p><strong>Pliki cookies stron trzecich: <\/strong>wysy\u0142ane i zarz\u0105dzane przez stron\u0119 trzeci\u0105 poza RO Spain, anonimowo, w celu przeprowadzenia bada\u0144 statystycznych nawigacji na stronie internetowej RO Spain<\/p>\n<p><strong>Klasyfikowane wed\u0142ug celu:<\/strong><\/p>\n<p>Pliki cookies techniczne i \/ lub personalizacyjne: u\u0142atwiaj\u0105 nawigacj\u0119 poprzez identyfikacj\u0119 sesji, umo\u017cliwiaj\u0105 dost\u0119p do narz\u0119dzi o ograniczonym dost\u0119pie, a tak\u017ce dostosowuj\u0105 dost\u0119pne opcje. Pomagaj\u0105 w \u015bwiadczeniu us\u0142ugi wcze\u015bniej wnioskowanej przez u\u017cytkownika.<\/p>\n<p>Analiza i \/ lub pliki cookies reklamowe: pozwalaj\u0105 pozna\u0107 liczb\u0119 odwiedzin otrzymanych w r\u00f3\u017cnych sekcjach stron internetowych, zwyczaje i tendencje ich u\u017cytkownik\u00f3w, a co za tym idzie, mog\u0105 poprawi\u0107 nawigacj\u0119 i us\u0142ugi oferowane przez RO Spain (zasadniczo Google Analytics), a tak\u017ce zarz\u0105dzanie przestrzeniami reklamowymi zawartymi na stronie odwiedzanej przez u\u017cytkownika.\u00a0 Pobiera dane anonimowo w celu uzyskania profilu nawigacji u\u017cytkownika.<\/p>\n<p><strong>Klasyfikowane wed\u0142ug czasu ich trwania:<\/strong><\/p>\n<p>Cookies sesyjne: zbieraj\u0105 i przechowuj\u0105 dane, gdy u\u017cytkownik uzyskuje dost\u0119p do strony internetowej.<\/p>\n<p>Trwa\u0142e pliki cookies: gromadz\u0105 i przechowuj\u0105 dane w panelu u\u017cytkownika przez zmienny okres czasu w zale\u017cno\u015bci od celu, w jakim zosta\u0142y u\u017cyte.<\/p>\n<p>Czas przechowywania plik\u00f3w cookies zale\u017cy od danego typu i zawsze b\u0119dzie minimum niezb\u0119dnym do spe\u0142nienia jego celu.<\/p>\n<p>W ka\u017cdym przypadku u\u017cytkownicy mog\u0105 skonfigurowa\u0107 swoj\u0105 przegl\u0105dark\u0119, aby wy\u0142\u0105czy\u0107 lub zablokowa\u0107 odbi\u00f3r wszystkich lub niekt\u00f3rych plik\u00f3w cookies. Je\u017celi nie chcesz otrzymywa\u0107 plik\u00f3w cookies, nie stanowi to przeszkody w dost\u0119pie do informacji na stronie internetowej RO Spain, cho\u0107 korzystanie z niekt\u00f3rych us\u0142ug mo\u017ce by\u0107 ograniczone. Je\u015bli w przysz\u0142o\u015bci po uzyskaniu zgody na odbi\u00f3r plik\u00f3w cookies, chcia\u0142by\u015b to zmieni\u0107 b\u0105d\u017a usun\u0105\u0107, wszelkie informacje przechowywane w urz\u0105dzeniu u\u017cytkownika powinny zosta\u0107 wyeliminowane za pomoc\u0105 opcji r\u00f3\u017cnych przegl\u0105darek.<\/p>\n<p>Spos\u00f3b skonfigurowania r\u00f3\u017cnych przegl\u0105darek do wykonywania dzia\u0142a\u0144 wskazanych w poprzednich akapitach mo\u017cna znale\u017a\u0107 na:<\/p>\n<ul>\n<li><strong>Firefox: <\/strong><a href=\"https:\/\/support.mozilla.org\/pl\/kb\/ciasteczka\"><u>https:\/\/support.mozilla.org\/pl\/kb\/ciasteczka<\/u><\/a><\/li>\n<li><strong>Chrome<\/strong>:\u00a0<a href=\"https:\/\/support.google.com\/chrome\/answer\/95647?hl=pl\"><u>https:\/\/support.google.com\/chrome\/answer\/95647?hl=pl<\/u><\/a><\/li>\n<li><strong>Explorer<\/strong>:\u00a0<a href=\"https:\/\/support.microsoft.com\/pl-pl\/hub\/4338813\/windows-help?os=windows-10\"><u>https:\/\/support.microsoft.com\/pl-pl\/hub\/4338813\/windows-help?os=windows-10<\/u><\/a><\/li>\n<li><strong>Safari<\/strong>: <a href=\"http:\/\/translate.google.com\/translate?hl=en&amp;sl=en&amp;tl=pl&amp;u=http%3A%2F%2Fsupport.apple.com%2Fkb%2Fph5042&amp;sandbox=1\"><u>http:\/\/translate.google.com\/translate?hl=en&amp;sl=en&amp;tl=pl&amp;u=http%3A%2F%2Fsupport.apple.com%2Fkb%2Fph5042&amp;sandbox=1<\/u><\/a><\/li>\n<\/ul>\n<p>RO Spain zmodyfikuje niniejsz\u0105 Polityk\u0119 Cookies za ka\u017cdym razem, wyst\u0105pienia zmian w konfiguracji i \/ lub korzystaniu z nich, publikuj\u0105c ich zaktualizowan\u0105 wersj\u0119 na swoich stronach internetowych.<\/p>\n","protected":false},"excerpt":{"rendered":"<p>POLITYKA PRYWATNO\u015aCI Kto jest odpowiedzialny za przetwarzanie Twoich danych osobowych? W\u0142a\u015bciciel: DYROMO TRADE, S.L. Nazwa handlowa: CMR Real Estate &amp; Business Solutions Co. Ltd. C.I.F.: B-54875042<span class=\"excerpt-hellip\"> [\u2026]<\/span><\/p>\n","protected":false},"author":1,"featured_media":0,"parent":0,"menu_order":0,"comment_status":"closed","ping_status":"open","template":"","meta":{"footnotes":""},"class_list":["post-437","page","type-page","status-publish","hentry"],"aioseo_notices":[],"_links":{"self":[{"href":"https:\/\/www.cmrthailand.com\/pl\/wp-json\/wp\/v2\/pages\/437","targetHints":{"allow":["GET"]}}],"collection":[{"href":"https:\/\/www.cmrthailand.com\/pl\/wp-json\/wp\/v2\/pages"}],"about":[{"href":"https:\/\/www.cmrthailand.com\/pl\/wp-json\/wp\/v2\/types\/page"}],"author":[{"embeddable":true,"href":"https:\/\/www.cmrthailand.com\/pl\/wp-json\/wp\/v2\/users\/1"}],"replies":[{"embeddable":true,"href":"https:\/\/www.cmrthailand.com\/pl\/wp-json\/wp\/v2\/comments?post=437"}],"version-history":[{"count":0,"href":"https:\/\/www.cmrthailand.com\/pl\/wp-json\/wp\/v2\/pages\/437\/revisions"}],"wp:attachment":[{"href":"https:\/\/www.cmrthailand.com\/pl\/wp-json\/wp\/v2\/media?parent=437"}],"curies":[{"name":"wp","href":"https:\/\/api.w.org\/{rel}","templated":true}]}}